{"id":807,"date":"2021-12-29T16:38:47","date_gmt":"2021-12-29T16:38:47","guid":{"rendered":"http:\/\/lauragruiz.es\/?page_id=807"},"modified":"2022-09-06T18:17:07","modified_gmt":"2022-09-06T18:17:07","slug":"inicio-3","status":"publish","type":"page","link":"https:\/\/lauragruiz.es\/index.php\/inicio-3\/","title":{"rendered":"inicio"},"content":{"rendered":"\t\t<div data-elementor-type=\"wp-page\" data-elementor-id=\"807\" class=\"elementor elementor-807\" data-elementor-post-type=\"page\">\n\t\t\t\t\t\t<section class=\"elementor-section elementor-top-section elementor-element elementor-element-0520ce5 elementor-section-full_width elementor-section-height-min-height elementor-section-items-top elementor-section-height-default\" data-id=\"0520ce5\" data-element_type=\"section\" data-e-type=\"section\">\n\t\t\t\t\t\t<div class=\"elementor-container elementor-column-gap-no\">\n\t\t\t\t\t<div class=\"elementor-column elementor-col-100 elementor-top-column elementor-element elementor-element-fb759bd\" data-id=\"fb759bd\" data-element_type=\"column\" data-e-type=\"column\">\n\t\t\t<div class=\"elementor-widget-wrap elementor-element-populated\">\n\t\t\t\t\t\t<div class=\"elementor-element elementor-element-9df3369 elementor-widget elementor-widget-image\" data-id=\"9df3369\" data-element_type=\"widget\" data-e-type=\"widget\" data-widget_type=\"image.default\">\n\t\t\t\t<div class=\"elementor-widget-container\">\n\t\t\t\t\t\t\t\t\t\t\t\t\t\t\t<img fetchpriority=\"high\" decoding=\"async\" width=\"1853\" height=\"927\" src=\"https:\/\/lauragruiz.es\/wp-content\/uploads\/2022\/09\/OK-portada-inicio-lauragruiz-es.jpg\" class=\"attachment-full size-full wp-image-2352\" alt=\"\" srcset=\"https:\/\/lauragruiz.es\/wp-content\/uploads\/2022\/09\/OK-portada-inicio-lauragruiz-es.jpg 1853w, https:\/\/lauragruiz.es\/wp-content\/uploads\/2022\/09\/OK-portada-inicio-lauragruiz-es-600x300.jpg 600w, https:\/\/lauragruiz.es\/wp-content\/uploads\/2022\/09\/OK-portada-inicio-lauragruiz-es-300x150.jpg 300w, https:\/\/lauragruiz.es\/wp-content\/uploads\/2022\/09\/OK-portada-inicio-lauragruiz-es-1024x512.jpg 1024w, https:\/\/lauragruiz.es\/wp-content\/uploads\/2022\/09\/OK-portada-inicio-lauragruiz-es-768x384.jpg 768w, https:\/\/lauragruiz.es\/wp-content\/uploads\/2022\/09\/OK-portada-inicio-lauragruiz-es-1536x768.jpg 1536w\" sizes=\"(max-width: 1853px) 100vw, 1853px\" \/>\t\t\t\t\t\t\t\t\t\t\t\t\t\t\t<\/div>\n\t\t\t\t<\/div>\n\t\t\t\t\t<\/div>\n\t\t<\/div>\n\t\t\t\t\t<\/div>\n\t\t<\/section>\n\t\t\t\t<section class=\"elementor-section elementor-top-section elementor-element elementor-element-03c5987 elementor-section-boxed elementor-section-height-default elementor-section-height-default\" data-id=\"03c5987\" data-element_type=\"section\" data-e-type=\"section\">\n\t\t\t\t\t\t<div class=\"elementor-container elementor-column-gap-default\">\n\t\t\t\t\t<div class=\"elementor-column elementor-col-100 elementor-top-column elementor-element elementor-element-c46154f\" data-id=\"c46154f\" data-element_type=\"column\" data-e-type=\"column\">\n\t\t\t<div class=\"elementor-widget-wrap elementor-element-populated\">\n\t\t\t\t\t\t<div class=\"elementor-element elementor-element-21d9294 elementor-blockquote--skin-clean elementor-blockquote--align-center elementor-blockquote--button-color-official elementor-widget elementor-widget-blockquote\" data-id=\"21d9294\" data-element_type=\"widget\" data-e-type=\"widget\" data-widget_type=\"blockquote.default\">\n\t\t\t\t<div class=\"elementor-widget-container\">\n\t\t\t\t\t\t\t<blockquote class=\"elementor-blockquote\">\n\t\t\t<p class=\"elementor-blockquote__content\">\n\t\t\t\t\"la principal forma de amor es la atenci\u00f3n, hace que las cosas se vuelvan luz\"\t\t\t<\/p>\n\t\t\t\t\t\t\t<div class=\"e-q-footer\">\n\t\t\t\t\t\t\t\t\t\t\t<cite class=\"elementor-blockquote__author\">simone weil<\/cite>\n\t\t\t\t\t\t\t\t\t\t\t\t\t\t<\/div>\n\t\t\t\t\t<\/blockquote>\n\t\t\t\t\t\t<\/div>\n\t\t\t\t<\/div>\n\t\t\t\t\t<\/div>\n\t\t<\/div>\n\t\t\t\t\t<\/div>\n\t\t<\/section>\n\t\t\t\t<section class=\"elementor-section elementor-top-section elementor-element elementor-element-6a38e14 elementor-section-boxed elementor-section-height-default elementor-section-height-default\" data-id=\"6a38e14\" data-element_type=\"section\" data-e-type=\"section\">\n\t\t\t\t\t\t<div class=\"elementor-container elementor-column-gap-default\">\n\t\t\t\t\t<div class=\"elementor-column elementor-col-100 elementor-top-column elementor-element elementor-element-3784147\" data-id=\"3784147\" data-element_type=\"column\" data-e-type=\"column\">\n\t\t\t<div class=\"elementor-widget-wrap elementor-element-populated\">\n\t\t\t\t\t\t<div class=\"elementor-element elementor-element-9c9d710 elementor-widget elementor-widget-spacer\" data-id=\"9c9d710\" data-element_type=\"widget\" data-e-type=\"widget\" data-widget_type=\"spacer.default\">\n\t\t\t\t<div class=\"elementor-widget-container\">\n\t\t\t\t\t\t\t<div class=\"elementor-spacer\">\n\t\t\t<div class=\"elementor-spacer-inner\"><\/div>\n\t\t<\/div>\n\t\t\t\t\t\t<\/div>\n\t\t\t\t<\/div>\n\t\t\t\t\t<\/div>\n\t\t<\/div>\n\t\t\t\t\t<\/div>\n\t\t<\/section>\n\t\t\t\t<section class=\"elementor-section elementor-top-section elementor-element elementor-element-01e6fc0 elementor-section-boxed elementor-section-height-default elementor-section-height-default\" data-id=\"01e6fc0\" data-element_type=\"section\" data-e-type=\"section\">\n\t\t\t\t\t\t<div class=\"elementor-container elementor-column-gap-default\">\n\t\t\t\t\t<div class=\"elementor-column elementor-col-33 elementor-top-column elementor-element elementor-element-4dc6f1e\" data-id=\"4dc6f1e\" data-element_type=\"column\" data-e-type=\"column\">\n\t\t\t<div class=\"elementor-widget-wrap elementor-element-populated\">\n\t\t\t\t\t\t<div class=\"elementor-element elementor-element-286df9e elementor--h-position-left elementor--v-position-middle elementor-arrows-position-inside elementor-pagination-position-inside elementor-widget elementor-widget-slides\" data-id=\"286df9e\" data-element_type=\"widget\" data-e-type=\"widget\" data-settings=\"{&quot;navigation&quot;:&quot;both&quot;,&quot;autoplay&quot;:&quot;yes&quot;,&quot;pause_on_hover&quot;:&quot;yes&quot;,&quot;pause_on_interaction&quot;:&quot;yes&quot;,&quot;autoplay_speed&quot;:5000,&quot;infinite&quot;:&quot;yes&quot;,&quot;transition&quot;:&quot;slide&quot;,&quot;transition_speed&quot;:500}\" data-widget_type=\"slides.default\">\n\t\t\t\t<div class=\"elementor-widget-container\">\n\t\t\t\t\t\t\t\t\t<div class=\"elementor-swiper\">\n\t\t\t\t\t<div class=\"elementor-slides-wrapper elementor-main-swiper swiper\" role=\"region\" aria-roledescription=\"carousel\" aria-label=\"Diapositivas\" dir=\"ltr\" data-animation=\"fadeInUp\">\n\t\t\t\t<div class=\"swiper-wrapper elementor-slides\">\n\t\t\t\t\t\t\t\t\t\t<div class=\"elementor-repeater-item-5e74e3c swiper-slide\" role=\"group\" aria-roledescription=\"slide\"><div class=\"swiper-slide-bg\" role=\"img\"><\/div><div class=\"swiper-slide-inner\" ><div class=\"swiper-slide-contents\"><div class=\"elementor-slide-heading\">arte<\/div><div class=\"elementor-slide-description\">ser uno en la luz<\/div><a href=\"http:\/\/lauragruiz.es\/index.php\/arte-ser-uno-en-la-luz\/\" class=\"elementor-button elementor-slide-button elementor-size-sm\">descubrir<\/a><\/div><\/div><\/div>\t\t\t\t<\/div>\n\t\t\t\t\t\t\t<\/div>\n\t\t\t\t<\/div>\n\t\t\t\t\t\t\t\t<\/div>\n\t\t\t\t<\/div>\n\t\t\t\t\t<\/div>\n\t\t<\/div>\n\t\t\t\t<div class=\"elementor-column elementor-col-33 elementor-top-column elementor-element elementor-element-b5efa8d\" data-id=\"b5efa8d\" data-element_type=\"column\" data-e-type=\"column\">\n\t\t\t<div class=\"elementor-widget-wrap elementor-element-populated\">\n\t\t\t\t\t\t<div class=\"elementor-element elementor-element-9fdd7f4 elementor--h-position-left elementor--v-position-middle elementor-arrows-position-inside elementor-pagination-position-inside elementor-widget elementor-widget-slides\" data-id=\"9fdd7f4\" data-element_type=\"widget\" data-e-type=\"widget\" data-settings=\"{&quot;navigation&quot;:&quot;both&quot;,&quot;autoplay&quot;:&quot;yes&quot;,&quot;pause_on_hover&quot;:&quot;yes&quot;,&quot;pause_on_interaction&quot;:&quot;yes&quot;,&quot;autoplay_speed&quot;:5000,&quot;infinite&quot;:&quot;yes&quot;,&quot;transition&quot;:&quot;slide&quot;,&quot;transition_speed&quot;:500}\" data-widget_type=\"slides.default\">\n\t\t\t\t<div class=\"elementor-widget-container\">\n\t\t\t\t\t\t\t\t\t<div class=\"elementor-swiper\">\n\t\t\t\t\t<div class=\"elementor-slides-wrapper elementor-main-swiper swiper\" role=\"region\" aria-roledescription=\"carousel\" aria-label=\"Diapositivas\" dir=\"ltr\" data-animation=\"fadeInUp\">\n\t\t\t\t<div class=\"swiper-wrapper elementor-slides\">\n\t\t\t\t\t\t\t\t\t\t<div class=\"elementor-repeater-item-f72d491 swiper-slide\" role=\"group\" aria-roledescription=\"slide\"><div class=\"swiper-slide-bg\" role=\"img\"><\/div><div class=\"swiper-slide-inner\" ><div class=\"swiper-slide-contents\"><div class=\"elementor-slide-heading\">retrato<\/div><div class=\"elementor-slide-description\">para el despertar<\/div><a href=\"http:\/\/lauragruiz.es\/index.php\/retrato-para-el-despertar\/\" class=\"elementor-button elementor-slide-button elementor-size-sm\">descubrir<\/a><\/div><\/div><\/div>\t\t\t\t<\/div>\n\t\t\t\t\t\t\t<\/div>\n\t\t\t\t<\/div>\n\t\t\t\t\t\t\t\t<\/div>\n\t\t\t\t<\/div>\n\t\t\t\t\t<\/div>\n\t\t<\/div>\n\t\t\t\t<div class=\"elementor-column elementor-col-33 elementor-top-column elementor-element elementor-element-53c128a\" data-id=\"53c128a\" data-element_type=\"column\" data-e-type=\"column\">\n\t\t\t<div class=\"elementor-widget-wrap elementor-element-populated\">\n\t\t\t\t\t\t<div class=\"elementor-element elementor-element-75c828d elementor--h-position-left elementor--v-position-middle elementor-arrows-position-inside elementor-pagination-position-inside elementor-widget elementor-widget-slides\" data-id=\"75c828d\" data-element_type=\"widget\" data-e-type=\"widget\" data-settings=\"{&quot;navigation&quot;:&quot;both&quot;,&quot;autoplay&quot;:&quot;yes&quot;,&quot;pause_on_hover&quot;:&quot;yes&quot;,&quot;pause_on_interaction&quot;:&quot;yes&quot;,&quot;autoplay_speed&quot;:5000,&quot;infinite&quot;:&quot;yes&quot;,&quot;transition&quot;:&quot;slide&quot;,&quot;transition_speed&quot;:500}\" data-widget_type=\"slides.default\">\n\t\t\t\t<div class=\"elementor-widget-container\">\n\t\t\t\t\t\t\t\t\t<div class=\"elementor-swiper\">\n\t\t\t\t\t<div class=\"elementor-slides-wrapper elementor-main-swiper swiper\" role=\"region\" aria-roledescription=\"carousel\" aria-label=\"Diapositivas\" dir=\"ltr\" data-animation=\"fadeInUp\">\n\t\t\t\t<div class=\"swiper-wrapper elementor-slides\">\n\t\t\t\t\t\t\t\t\t\t<div class=\"elementor-repeater-item-c76a50f swiper-slide\" role=\"group\" aria-roledescription=\"slide\"><div class=\"swiper-slide-bg\" role=\"img\"><\/div><a class=\"swiper-slide-inner\" href=\"http:\/\/lauragruiz.es\/index.php\/fotografia-como-expresion\/\"><div class=\"swiper-slide-contents\"><div class=\"elementor-slide-heading\">fotograf\u00eda<\/div><div class=\"elementor-slide-description\">c\u00f3mo expresi\u00f3n<\/div><div  class=\"elementor-button elementor-slide-button elementor-size-sm\">descubrir<\/div><\/div><\/a><\/div>\t\t\t\t<\/div>\n\t\t\t\t\t\t\t<\/div>\n\t\t\t\t<\/div>\n\t\t\t\t\t\t\t\t<\/div>\n\t\t\t\t<\/div>\n\t\t\t\t\t<\/div>\n\t\t<\/div>\n\t\t\t\t\t<\/div>\n\t\t<\/section>\n\t\t\t\t<section class=\"elementor-section elementor-top-section elementor-element elementor-element-21e075a elementor-section-full_width elementor-section-height-default elementor-section-height-default\" data-id=\"21e075a\" data-element_type=\"section\" data-e-type=\"section\">\n\t\t\t\t\t\t<div class=\"elementor-container elementor-column-gap-default\">\n\t\t\t\t\t<div class=\"elementor-column elementor-col-100 elementor-top-column elementor-element elementor-element-b11782c\" data-id=\"b11782c\" data-element_type=\"column\" data-e-type=\"column\">\n\t\t\t<div class=\"elementor-widget-wrap elementor-element-populated\">\n\t\t\t\t\t\t<div class=\"elementor-element elementor-element-4530957 elementor-widget elementor-widget-spacer\" data-id=\"4530957\" data-element_type=\"widget\" data-e-type=\"widget\" data-widget_type=\"spacer.default\">\n\t\t\t\t<div class=\"elementor-widget-container\">\n\t\t\t\t\t\t\t<div class=\"elementor-spacer\">\n\t\t\t<div class=\"elementor-spacer-inner\"><\/div>\n\t\t<\/div>\n\t\t\t\t\t\t<\/div>\n\t\t\t\t<\/div>\n\t\t\t\t\t<\/div>\n\t\t<\/div>\n\t\t\t\t\t<\/div>\n\t\t<\/section>\n\t\t\t\t<section class=\"elementor-section elementor-top-section elementor-element elementor-element-25d6364 elementor-section-boxed elementor-section-height-default elementor-section-height-default\" data-id=\"25d6364\" data-element_type=\"section\" data-e-type=\"section\">\n\t\t\t\t\t\t<div class=\"elementor-container elementor-column-gap-default\">\n\t\t\t\t\t<div class=\"elementor-column elementor-col-100 elementor-top-column elementor-element elementor-element-1307025\" data-id=\"1307025\" data-element_type=\"column\" data-e-type=\"column\">\n\t\t\t<div class=\"elementor-widget-wrap\">\n\t\t\t\t\t\t\t<\/div>\n\t\t<\/div>\n\t\t\t\t\t<\/div>\n\t\t<\/section>\n\t\t\t\t<section class=\"elementor-section elementor-top-section elementor-element elementor-element-d67ef59 elementor-section-boxed elementor-section-height-default elementor-section-height-default\" data-id=\"d67ef59\" data-element_type=\"section\" data-e-type=\"section\">\n\t\t\t\t\t\t<div class=\"elementor-container elementor-column-gap-default\">\n\t\t\t\t\t<div class=\"elementor-column elementor-col-100 elementor-top-column elementor-element elementor-element-296e33b\" data-id=\"296e33b\" data-element_type=\"column\" data-e-type=\"column\">\n\t\t\t<div class=\"elementor-widget-wrap elementor-element-populated\">\n\t\t\t\t\t\t\t<\/div>\n\t\t<\/div>\n\t\t\t\t\t<\/div>\n\t\t<\/section>\n\t\t\t\t<section class=\"elementor-section elementor-top-section elementor-element elementor-element-b0ae016 elementor-section-boxed elementor-section-height-default elementor-section-height-default\" data-id=\"b0ae016\" data-element_type=\"section\" data-e-type=\"section\">\n\t\t\t\t\t\t<div class=\"elementor-container elementor-column-gap-default\">\n\t\t\t\t\t<div class=\"elementor-column elementor-col-100 elementor-top-column elementor-element elementor-element-b3c4b04\" data-id=\"b3c4b04\" data-element_type=\"column\" data-e-type=\"column\">\n\t\t\t<div class=\"elementor-widget-wrap elementor-element-populated\">\n\t\t\t\t\t\t\t<\/div>\n\t\t<\/div>\n\t\t\t\t\t<\/div>\n\t\t<\/section>\n\t\t\t\t<\/div>\n\t\t","protected":false},"excerpt":{"rendered":"<p>\u00abla principal forma de amor es la atenci\u00f3n, hace que las cosas se vuelvan luz\u00bb simone weil arteser uno en la luzdescubrir retratopara el despertardescubrir fotograf\u00edac\u00f3mo expresi\u00f3ndescubrir<\/p>\n","protected":false},"author":1,"featured_media":0,"parent":0,"menu_order":27,"comment_status":"closed","ping_status":"closed","template":"elementor_header_footer","meta":{"_monsterinsights_skip_tracking":false,"_monsterinsights_sitenote_active":false,"_monsterinsights_sitenote_note":"","_monsterinsights_sitenote_category":0,"ngg_post_thumbnail":0,"footnotes":""},"class_list":["post-807","page","type-page","status-publish"],"yoast_head":"<!-- This site is optimized with the Yoast SEO plugin v25.1 - https:\/\/yoast.com\/wordpress\/plugins\/seo\/ -->\n<title>inicio | lauragruiz.es<\/title>\n<meta name=\"robots\" content=\"index, follow, max-snippet:-1, max-image-preview:large, max-video-preview:-1\" \/>\n<link rel=\"canonical\" href=\"https:\/\/lauragruiz.es\/index.php\/inicio-3\/\" \/>\n<meta property=\"og:locale\" content=\"es_ES\" \/>\n<meta property=\"og:type\" content=\"article\" \/>\n<meta property=\"og:title\" content=\"inicio | lauragruiz.es\" \/>\n<meta property=\"og:description\" content=\"\u00abla principal forma de amor es la atenci\u00f3n, hace que las cosas se vuelvan luz\u00bb simone weil arteser uno en la luzdescubrir retratopara el despertardescubrir fotograf\u00edac\u00f3mo expresi\u00f3ndescubrir\" \/>\n<meta property=\"og:url\" content=\"https:\/\/lauragruiz.es\/index.php\/inicio-3\/\" \/>\n<meta property=\"og:site_name\" content=\"lauragruiz.es\" \/>\n<meta property=\"article:modified_time\" content=\"2022-09-06T18:17:07+00:00\" \/>\n<meta property=\"og:image\" content=\"http:\/\/lauragruiz.es\/wp-content\/uploads\/2022\/09\/OK-portada-inicio-lauragruiz-es.jpg\" \/>\n<meta name=\"twitter:label1\" content=\"Tiempo de lectura\" \/>\n\t<meta name=\"twitter:data1\" content=\"1 minuto\" \/>\n<script type=\"application\/ld+json\" class=\"yoast-schema-graph\">{\"@context\":\"https:\/\/schema.org\",\"@graph\":[{\"@type\":\"WebPage\",\"@id\":\"https:\/\/lauragruiz.es\/index.php\/inicio-3\/\",\"url\":\"https:\/\/lauragruiz.es\/index.php\/inicio-3\/\",\"name\":\"inicio | lauragruiz.es\",\"isPartOf\":{\"@id\":\"https:\/\/lauragruiz.es\/#website\"},\"primaryImageOfPage\":{\"@id\":\"https:\/\/lauragruiz.es\/index.php\/inicio-3\/#primaryimage\"},\"image\":{\"@id\":\"https:\/\/lauragruiz.es\/index.php\/inicio-3\/#primaryimage\"},\"thumbnailUrl\":\"http:\/\/lauragruiz.es\/wp-content\/uploads\/2022\/09\/OK-portada-inicio-lauragruiz-es.jpg\",\"datePublished\":\"2021-12-29T16:38:47+00:00\",\"dateModified\":\"2022-09-06T18:17:07+00:00\",\"breadcrumb\":{\"@id\":\"https:\/\/lauragruiz.es\/index.php\/inicio-3\/#breadcrumb\"},\"inLanguage\":\"es\",\"potentialAction\":[{\"@type\":\"ReadAction\",\"target\":[\"https:\/\/lauragruiz.es\/index.php\/inicio-3\/\"]}]},{\"@type\":\"ImageObject\",\"inLanguage\":\"es\",\"@id\":\"https:\/\/lauragruiz.es\/index.php\/inicio-3\/#primaryimage\",\"url\":\"https:\/\/lauragruiz.es\/wp-content\/uploads\/2022\/09\/OK-portada-inicio-lauragruiz-es.jpg\",\"contentUrl\":\"https:\/\/lauragruiz.es\/wp-content\/uploads\/2022\/09\/OK-portada-inicio-lauragruiz-es.jpg\",\"width\":1853,\"height\":927},{\"@type\":\"BreadcrumbList\",\"@id\":\"https:\/\/lauragruiz.es\/index.php\/inicio-3\/#breadcrumb\",\"itemListElement\":[{\"@type\":\"ListItem\",\"position\":1,\"name\":\"Portada\",\"item\":\"https:\/\/lauragruiz.es\/\"},{\"@type\":\"ListItem\",\"position\":2,\"name\":\"inicio\"}]},{\"@type\":\"WebSite\",\"@id\":\"https:\/\/lauragruiz.es\/#website\",\"url\":\"https:\/\/lauragruiz.es\/\",\"name\":\"lauragruiz.es\",\"description\":\"fotograf\u00eda y conciencia\",\"publisher\":{\"@id\":\"https:\/\/lauragruiz.es\/#\/schema\/person\/257dafbb316ba92e28b5057466d09536\"},\"potentialAction\":[{\"@type\":\"SearchAction\",\"target\":{\"@type\":\"EntryPoint\",\"urlTemplate\":\"https:\/\/lauragruiz.es\/?s={search_term_string}\"},\"query-input\":{\"@type\":\"PropertyValueSpecification\",\"valueRequired\":true,\"valueName\":\"search_term_string\"}}],\"inLanguage\":\"es\"},{\"@type\":[\"Person\",\"Organization\"],\"@id\":\"https:\/\/lauragruiz.es\/#\/schema\/person\/257dafbb316ba92e28b5057466d09536\",\"name\":\"lauragruiz\",\"image\":{\"@type\":\"ImageObject\",\"inLanguage\":\"es\",\"@id\":\"https:\/\/lauragruiz.es\/#\/schema\/person\/image\/\",\"url\":\"https:\/\/lauragruiz.es\/wp-content\/uploads\/2021\/03\/cropped-LAURAGINES-e1666111867453.png\",\"contentUrl\":\"https:\/\/lauragruiz.es\/wp-content\/uploads\/2021\/03\/cropped-LAURAGINES-e1666111867453.png\",\"width\":500,\"height\":66,\"caption\":\"lauragruiz\"},\"logo\":{\"@id\":\"https:\/\/lauragruiz.es\/#\/schema\/person\/image\/\"},\"sameAs\":[\"http:\/\/lauragruiz.es\"]}]}<\/script>\n<!-- \/ Yoast SEO plugin. -->","yoast_head_json":{"title":"inicio | lauragruiz.es","robots":{"index":"index","follow":"follow","max-snippet":"max-snippet:-1","max-image-preview":"max-image-preview:large","max-video-preview":"max-video-preview:-1"},"canonical":"https:\/\/lauragruiz.es\/index.php\/inicio-3\/","og_locale":"es_ES","og_type":"article","og_title":"inicio | lauragruiz.es","og_description":"\u00abla principal forma de amor es la atenci\u00f3n, hace que las cosas se vuelvan luz\u00bb simone weil arteser uno en la luzdescubrir retratopara el despertardescubrir fotograf\u00edac\u00f3mo expresi\u00f3ndescubrir","og_url":"https:\/\/lauragruiz.es\/index.php\/inicio-3\/","og_site_name":"lauragruiz.es","article_modified_time":"2022-09-06T18:17:07+00:00","og_image":[{"url":"http:\/\/lauragruiz.es\/wp-content\/uploads\/2022\/09\/OK-portada-inicio-lauragruiz-es.jpg","type":"","width":"","height":""}],"twitter_misc":{"Tiempo de lectura":"1 minuto"},"schema":{"@context":"https:\/\/schema.org","@graph":[{"@type":"WebPage","@id":"https:\/\/lauragruiz.es\/index.php\/inicio-3\/","url":"https:\/\/lauragruiz.es\/index.php\/inicio-3\/","name":"inicio | lauragruiz.es","isPartOf":{"@id":"https:\/\/lauragruiz.es\/#website"},"primaryImageOfPage":{"@id":"https:\/\/lauragruiz.es\/index.php\/inicio-3\/#primaryimage"},"image":{"@id":"https:\/\/lauragruiz.es\/index.php\/inicio-3\/#primaryimage"},"thumbnailUrl":"http:\/\/lauragruiz.es\/wp-content\/uploads\/2022\/09\/OK-portada-inicio-lauragruiz-es.jpg","datePublished":"2021-12-29T16:38:47+00:00","dateModified":"2022-09-06T18:17:07+00:00","breadcrumb":{"@id":"https:\/\/lauragruiz.es\/index.php\/inicio-3\/#breadcrumb"},"inLanguage":"es","potentialAction":[{"@type":"ReadAction","target":["https:\/\/lauragruiz.es\/index.php\/inicio-3\/"]}]},{"@type":"ImageObject","inLanguage":"es","@id":"https:\/\/lauragruiz.es\/index.php\/inicio-3\/#primaryimage","url":"https:\/\/lauragruiz.es\/wp-content\/uploads\/2022\/09\/OK-portada-inicio-lauragruiz-es.jpg","contentUrl":"https:\/\/lauragruiz.es\/wp-content\/uploads\/2022\/09\/OK-portada-inicio-lauragruiz-es.jpg","width":1853,"height":927},{"@type":"BreadcrumbList","@id":"https:\/\/lauragruiz.es\/index.php\/inicio-3\/#breadcrumb","itemListElement":[{"@type":"ListItem","position":1,"name":"Portada","item":"https:\/\/lauragruiz.es\/"},{"@type":"ListItem","position":2,"name":"inicio"}]},{"@type":"WebSite","@id":"https:\/\/lauragruiz.es\/#website","url":"https:\/\/lauragruiz.es\/","name":"lauragruiz.es","description":"fotograf\u00eda y conciencia","publisher":{"@id":"https:\/\/lauragruiz.es\/#\/schema\/person\/257dafbb316ba92e28b5057466d09536"},"potentialAction":[{"@type":"SearchAction","target":{"@type":"EntryPoint","urlTemplate":"https:\/\/lauragruiz.es\/?s={search_term_string}"},"query-input":{"@type":"PropertyValueSpecification","valueRequired":true,"valueName":"search_term_string"}}],"inLanguage":"es"},{"@type":["Person","Organization"],"@id":"https:\/\/lauragruiz.es\/#\/schema\/person\/257dafbb316ba92e28b5057466d09536","name":"lauragruiz","image":{"@type":"ImageObject","inLanguage":"es","@id":"https:\/\/lauragruiz.es\/#\/schema\/person\/image\/","url":"https:\/\/lauragruiz.es\/wp-content\/uploads\/2021\/03\/cropped-LAURAGINES-e1666111867453.png","contentUrl":"https:\/\/lauragruiz.es\/wp-content\/uploads\/2021\/03\/cropped-LAURAGINES-e1666111867453.png","width":500,"height":66,"caption":"lauragruiz"},"logo":{"@id":"https:\/\/lauragruiz.es\/#\/schema\/person\/image\/"},"sameAs":["http:\/\/lauragruiz.es"]}]}},"_links":{"self":[{"href":"https:\/\/lauragruiz.es\/index.php\/wp-json\/wp\/v2\/pages\/807","targetHints":{"allow":["GET"]}}],"collection":[{"href":"https:\/\/lauragruiz.es\/index.php\/wp-json\/wp\/v2\/pages"}],"about":[{"href":"https:\/\/lauragruiz.es\/index.php\/wp-json\/wp\/v2\/types\/page"}],"author":[{"embeddable":true,"href":"https:\/\/lauragruiz.es\/index.php\/wp-json\/wp\/v2\/users\/1"}],"replies":[{"embeddable":true,"href":"https:\/\/lauragruiz.es\/index.php\/wp-json\/wp\/v2\/comments?post=807"}],"version-history":[{"count":0,"href":"https:\/\/lauragruiz.es\/index.php\/wp-json\/wp\/v2\/pages\/807\/revisions"}],"wp:attachment":[{"href":"https:\/\/lauragruiz.es\/index.php\/wp-json\/wp\/v2\/media?parent=807"}],"curies":[{"name":"wp","href":"https:\/\/api.w.org\/{rel}","templated":true}]}}