{"id":3721,"date":"2022-10-27T15:59:15","date_gmt":"2022-10-27T15:59:15","guid":{"rendered":"https:\/\/lauragruiz.es\/?page_id=3721"},"modified":"2022-11-02T15:11:54","modified_gmt":"2022-11-02T15:11:54","slug":"seruno-art","status":"publish","type":"page","link":"https:\/\/lauragruiz.es\/index.php\/seruno-art\/","title":{"rendered":"seruno.art"},"content":{"rendered":"\t\t<div data-elementor-type=\"wp-page\" data-elementor-id=\"3721\" class=\"elementor elementor-3721\" data-elementor-post-type=\"page\">\n\t\t\t\t\t\t<section class=\"elementor-section elementor-top-section elementor-element elementor-element-cc42693 elementor-section-boxed elementor-section-height-default elementor-section-height-default\" data-id=\"cc42693\" data-element_type=\"section\" data-e-type=\"section\">\n\t\t\t\t\t\t<div class=\"elementor-container elementor-column-gap-default\">\n\t\t\t\t\t<div class=\"elementor-column elementor-col-50 elementor-top-column elementor-element elementor-element-5a42422\" data-id=\"5a42422\" data-element_type=\"column\" data-e-type=\"column\">\n\t\t\t<div class=\"elementor-widget-wrap elementor-element-populated\">\n\t\t\t\t\t\t<div class=\"elementor-element elementor-element-611d0558 elementor-widget-divider--view-line_text elementor-widget-divider--element-align-left elementor-widget elementor-widget-divider\" data-id=\"611d0558\" data-element_type=\"widget\" data-e-type=\"widget\" data-widget_type=\"divider.default\">\n\t\t\t\t<div class=\"elementor-widget-container\">\n\t\t\t\t\t\t\t<div class=\"elementor-divider\">\n\t\t\t<span class=\"elementor-divider-separator\">\n\t\t\t\t\t\t<\/span>\n\t\t<\/div>\n\t\t\t\t\t\t<\/div>\n\t\t\t\t<\/div>\n\t\t\t\t\t<\/div>\n\t\t<\/div>\n\t\t\t\t<div class=\"elementor-column elementor-col-50 elementor-top-column elementor-element elementor-element-2b7fdce\" data-id=\"2b7fdce\" data-element_type=\"column\" data-e-type=\"column\">\n\t\t\t<div class=\"elementor-widget-wrap elementor-element-populated\">\n\t\t\t\t\t\t<div class=\"elementor-element elementor-element-5943dbe elementor-widget elementor-widget-image\" data-id=\"5943dbe\" data-element_type=\"widget\" data-e-type=\"widget\" data-widget_type=\"image.default\">\n\t\t\t\t<div class=\"elementor-widget-container\">\n\t\t\t\t\t\t\t\t\t\t\t\t\t\t\t<img fetchpriority=\"high\" decoding=\"async\" width=\"850\" height=\"345\" src=\"https:\/\/lauragruiz.es\/wp-content\/uploads\/2022\/10\/logo-ser-uno.png\" class=\"attachment-large size-large wp-image-3257\" alt=\"\" srcset=\"https:\/\/lauragruiz.es\/wp-content\/uploads\/2022\/10\/logo-ser-uno.png 850w, https:\/\/lauragruiz.es\/wp-content\/uploads\/2022\/10\/logo-ser-uno-300x122.png 300w, https:\/\/lauragruiz.es\/wp-content\/uploads\/2022\/10\/logo-ser-uno-768x312.png 768w, https:\/\/lauragruiz.es\/wp-content\/uploads\/2022\/10\/logo-ser-uno-600x244.png 600w\" sizes=\"(max-width: 850px) 100vw, 850px\" \/>\t\t\t\t\t\t\t\t\t\t\t\t\t\t\t<\/div>\n\t\t\t\t<\/div>\n\t\t\t\t\t<\/div>\n\t\t<\/div>\n\t\t\t\t\t<\/div>\n\t\t<\/section>\n\t\t\t\t<section class=\"elementor-section elementor-top-section elementor-element elementor-element-adc81a0 elementor-section-boxed elementor-section-height-default elementor-section-height-default\" data-id=\"adc81a0\" data-element_type=\"section\" data-e-type=\"section\">\n\t\t\t\t\t\t<div class=\"elementor-container elementor-column-gap-default\">\n\t\t\t\t\t<div class=\"elementor-column elementor-col-100 elementor-top-column elementor-element elementor-element-e42717e\" data-id=\"e42717e\" data-element_type=\"column\" data-e-type=\"column\">\n\t\t\t<div class=\"elementor-widget-wrap elementor-element-populated\">\n\t\t\t\t\t\t<div class=\"elementor-element elementor-element-50bb252 elementor-widget elementor-widget-text-editor\" data-id=\"50bb252\" data-element_type=\"widget\" data-e-type=\"widget\" data-widget_type=\"text-editor.default\">\n\t\t\t\t<div class=\"elementor-widget-container\">\n\t\t\t\t\t\t\t\t\t<p>La expansi\u00f3n de la conciencia a trav\u00e9s de las artes, la fotograf\u00eda y la autoindagaci\u00f3n.<\/p>\t\t\t\t\t\t\t\t<\/div>\n\t\t\t\t<\/div>\n\t\t\t\t\t<\/div>\n\t\t<\/div>\n\t\t\t\t\t<\/div>\n\t\t<\/section>\n\t\t\t\t<section class=\"elementor-section elementor-top-section elementor-element elementor-element-50a6810b elementor-section-boxed elementor-section-height-default elementor-section-height-default\" data-id=\"50a6810b\" data-element_type=\"section\" data-e-type=\"section\">\n\t\t\t\t\t\t<div class=\"elementor-container elementor-column-gap-default\">\n\t\t\t\t\t<div class=\"elementor-column elementor-col-100 elementor-top-column elementor-element elementor-element-19851ec9\" data-id=\"19851ec9\" data-element_type=\"column\" data-e-type=\"column\">\n\t\t\t<div class=\"elementor-widget-wrap elementor-element-populated\">\n\t\t\t\t\t\t<div class=\"elementor-element elementor-element-7f5e9036 elementor-posts__hover-none elementor-grid-3 elementor-grid-tablet-2 elementor-grid-mobile-1 elementor-posts--thumbnail-top elementor-widget elementor-widget-posts\" data-id=\"7f5e9036\" data-element_type=\"widget\" data-e-type=\"widget\" data-settings=\"{&quot;cards_row_gap&quot;:{&quot;unit&quot;:&quot;px&quot;,&quot;size&quot;:&quot;50&quot;,&quot;sizes&quot;:[]},&quot;pagination_type&quot;:&quot;numbers&quot;,&quot;cards_columns&quot;:&quot;3&quot;,&quot;cards_columns_tablet&quot;:&quot;2&quot;,&quot;cards_columns_mobile&quot;:&quot;1&quot;,&quot;cards_row_gap_tablet&quot;:{&quot;unit&quot;:&quot;px&quot;,&quot;size&quot;:&quot;&quot;,&quot;sizes&quot;:[]},&quot;cards_row_gap_mobile&quot;:{&quot;unit&quot;:&quot;px&quot;,&quot;size&quot;:&quot;&quot;,&quot;sizes&quot;:[]}}\" data-widget_type=\"posts.cards\">\n\t\t\t\t<div class=\"elementor-widget-container\">\n\t\t\t\t\t\t\t<div class=\"elementor-posts-container elementor-posts elementor-posts--skin-cards elementor-grid\">\n\t\t\t\t<article class=\"elementor-post elementor-grid-item post-3839 post type-post status-publish format-standard has-post-thumbnail hentry category-seruno-art category-nodualidad tag-nodualidad tag-ser\">\n\t\t\t<div class=\"elementor-post__card\">\n\t\t\t\t<a class=\"elementor-post__thumbnail__link\" href=\"https:\/\/lauragruiz.es\/index.php\/2022\/10\/27\/arte\/\" tabindex=\"-1\" ><div class=\"elementor-post__thumbnail\"><img decoding=\"async\" width=\"1800\" height=\"1201\" src=\"https:\/\/lauragruiz.es\/wp-content\/uploads\/2021\/12\/web.jpg\" class=\"attachment-full size-full wp-image-896\" alt=\"\" srcset=\"https:\/\/lauragruiz.es\/wp-content\/uploads\/2021\/12\/web.jpg 1800w, https:\/\/lauragruiz.es\/wp-content\/uploads\/2021\/12\/web-600x400.jpg 600w, https:\/\/lauragruiz.es\/wp-content\/uploads\/2021\/12\/web-300x200.jpg 300w, https:\/\/lauragruiz.es\/wp-content\/uploads\/2021\/12\/web-1024x683.jpg 1024w, https:\/\/lauragruiz.es\/wp-content\/uploads\/2021\/12\/web-768x512.jpg 768w, https:\/\/lauragruiz.es\/wp-content\/uploads\/2021\/12\/web-1536x1025.jpg 1536w\" sizes=\"(max-width: 1800px) 100vw, 1800px\" \/><\/div><\/a>\n\t\t\t\t<div class=\"elementor-post__text\">\n\t\t\t\t<h3 class=\"elementor-post__title\">\n\t\t\t<a href=\"https:\/\/lauragruiz.es\/index.php\/2022\/10\/27\/arte\/\" >\n\t\t\t\tarte\t\t\t<\/a>\n\t\t<\/h3>\n\t\t\t\t<div class=\"elementor-post__excerpt\">\n\t\t\t<p>Pregunt\u00e9monos ahora por la esencia \u00faltima del arte. Es f\u00e1cil reconocer, cuando contemplamos, por ejemplo, un Van Gogh, que el arte verdadero<\/p>\n\t\t<\/div>\n\t\t\t\t<\/div>\n\t\t\t\t<div class=\"elementor-post__meta-data\">\n\t\t\t\t\t<span class=\"elementor-post-date\">\n\t\t\toctubre 27, 2022\t\t<\/span>\n\t\t\t\t<\/div>\n\t\t\t\t\t<\/div>\n\t\t<\/article>\n\t\t\t\t<article class=\"elementor-post elementor-grid-item post-3823 post type-post status-publish format-standard has-post-thumbnail hentry category-seruno-art category-nodualidad tag-nodualidad tag-ser\">\n\t\t\t<div class=\"elementor-post__card\">\n\t\t\t\t<a class=\"elementor-post__thumbnail__link\" href=\"https:\/\/lauragruiz.es\/index.php\/2022\/10\/27\/ser-2\/\" tabindex=\"-1\" ><div class=\"elementor-post__thumbnail\"><img decoding=\"async\" width=\"1200\" height=\"675\" src=\"https:\/\/lauragruiz.es\/wp-content\/uploads\/2022\/10\/portada-blog-ser-uno-art-2022.jpg\" class=\"attachment-full size-full wp-image-3865\" alt=\"\" srcset=\"https:\/\/lauragruiz.es\/wp-content\/uploads\/2022\/10\/portada-blog-ser-uno-art-2022.jpg 1200w, https:\/\/lauragruiz.es\/wp-content\/uploads\/2022\/10\/portada-blog-ser-uno-art-2022-300x169.jpg 300w, https:\/\/lauragruiz.es\/wp-content\/uploads\/2022\/10\/portada-blog-ser-uno-art-2022-1024x576.jpg 1024w, https:\/\/lauragruiz.es\/wp-content\/uploads\/2022\/10\/portada-blog-ser-uno-art-2022-768x432.jpg 768w, https:\/\/lauragruiz.es\/wp-content\/uploads\/2022\/10\/portada-blog-ser-uno-art-2022-600x338.jpg 600w\" sizes=\"(max-width: 1200px) 100vw, 1200px\" \/><\/div><\/a>\n\t\t\t\t<div class=\"elementor-post__text\">\n\t\t\t\t<h3 class=\"elementor-post__title\">\n\t\t\t<a href=\"https:\/\/lauragruiz.es\/index.php\/2022\/10\/27\/ser-2\/\" >\n\t\t\t\tser\t\t\t<\/a>\n\t\t<\/h3>\n\t\t\t\t<div class=\"elementor-post__excerpt\">\n\t\t\t<p>Mientras lees las palabras de esta p\u00e1gina, eres consciente de que aparecen en tu conciencia presente, \u00bfno es as\u00ed? Tal vez seas<\/p>\n\t\t<\/div>\n\t\t\t\t<\/div>\n\t\t\t\t<div class=\"elementor-post__meta-data\">\n\t\t\t\t\t<span class=\"elementor-post-date\">\n\t\t\toctubre 27, 2022\t\t<\/span>\n\t\t\t\t<\/div>\n\t\t\t\t\t<\/div>\n\t\t<\/article>\n\t\t\t\t<article class=\"elementor-post elementor-grid-item post-2053 post type-post status-publish format-standard has-post-thumbnail hentry category-uncategorized\">\n\t\t\t<div class=\"elementor-post__card\">\n\t\t\t\t<a class=\"elementor-post__thumbnail__link\" href=\"https:\/\/lauragruiz.es\/index.php\/2022\/05\/09\/un-viaje-a-traves-de-las-artes\/\" tabindex=\"-1\" ><div class=\"elementor-post__thumbnail\"><img loading=\"lazy\" decoding=\"async\" width=\"900\" height=\"1200\" src=\"https:\/\/lauragruiz.es\/wp-content\/uploads\/2022\/03\/1011822_web.jpg\" class=\"attachment-full size-full wp-image-1461\" alt=\"solo en la oscuridad ver\u00e1s la luz \u00a9 laura gines ruiz\" srcset=\"https:\/\/lauragruiz.es\/wp-content\/uploads\/2022\/03\/1011822_web.jpg 900w, https:\/\/lauragruiz.es\/wp-content\/uploads\/2022\/03\/1011822_web-600x800.jpg 600w, https:\/\/lauragruiz.es\/wp-content\/uploads\/2022\/03\/1011822_web-225x300.jpg 225w, https:\/\/lauragruiz.es\/wp-content\/uploads\/2022\/03\/1011822_web-768x1024.jpg 768w\" sizes=\"(max-width: 900px) 100vw, 900px\" \/><\/div><\/a>\n\t\t\t\t<div class=\"elementor-post__text\">\n\t\t\t\t<h3 class=\"elementor-post__title\">\n\t\t\t<a href=\"https:\/\/lauragruiz.es\/index.php\/2022\/05\/09\/un-viaje-a-traves-de-las-artes\/\" >\n\t\t\t\tun viaje a trav\u00e9s de las artes\t\t\t<\/a>\n\t\t<\/h3>\n\t\t\t\t<div class=\"elementor-post__excerpt\">\n\t\t\t<p>un viaje a trav\u00e9s de las artes YO: Me ha gustado mucho este viaje por el Alma de Tauro, por las Artes.&nbsp;<\/p>\n\t\t<\/div>\n\t\t\t\t<\/div>\n\t\t\t\t<div class=\"elementor-post__meta-data\">\n\t\t\t\t\t<span class=\"elementor-post-date\">\n\t\t\tseptiembre 28, 2022\t\t<\/span>\n\t\t\t\t<\/div>\n\t\t\t\t\t<\/div>\n\t\t<\/article>\n\t\t\t\t<article class=\"elementor-post elementor-grid-item post-1967 post type-post status-publish format-standard has-post-thumbnail hentry category-uncategorized\">\n\t\t\t<div class=\"elementor-post__card\">\n\t\t\t\t<a class=\"elementor-post__thumbnail__link\" href=\"https:\/\/lauragruiz.es\/index.php\/2022\/05\/09\/entre-dos-mundos\/\" tabindex=\"-1\" ><div class=\"elementor-post__thumbnail\"><img loading=\"lazy\" decoding=\"async\" width=\"1202\" height=\"1800\" src=\"https:\/\/lauragruiz.es\/wp-content\/uploads\/2022\/05\/blog-pelicula-entre-dos-mundos-inspiracion-lauragruiz-scaled-e1652103478723.jpg\" class=\"attachment-full size-full wp-image-1969\" alt=\"\" srcset=\"https:\/\/lauragruiz.es\/wp-content\/uploads\/2022\/05\/blog-pelicula-entre-dos-mundos-inspiracion-lauragruiz-scaled-e1652103478723.jpg 1202w, https:\/\/lauragruiz.es\/wp-content\/uploads\/2022\/05\/blog-pelicula-entre-dos-mundos-inspiracion-lauragruiz-scaled-e1652103478723-600x899.jpg 600w\" sizes=\"(max-width: 1202px) 100vw, 1202px\" \/><\/div><\/a>\n\t\t\t\t<div class=\"elementor-post__text\">\n\t\t\t\t<h3 class=\"elementor-post__title\">\n\t\t\t<a href=\"https:\/\/lauragruiz.es\/index.php\/2022\/05\/09\/entre-dos-mundos\/\" >\n\t\t\t\tentre dos mundos\t\t\t<\/a>\n\t\t<\/h3>\n\t\t\t\t<div class=\"elementor-post__excerpt\">\n\t\t\t<p>entre dos mundos \u201cDesde que era ni\u00f1a la gente me ha dicho que veo cosas que la dem\u00e1s gente no ve. No<\/p>\n\t\t<\/div>\n\t\t\t\t<\/div>\n\t\t\t\t<div class=\"elementor-post__meta-data\">\n\t\t\t\t\t<span class=\"elementor-post-date\">\n\t\t\tmayo 9, 2022\t\t<\/span>\n\t\t\t\t<\/div>\n\t\t\t\t\t<\/div>\n\t\t<\/article>\n\t\t\t\t<\/div>\n\t\t\n\t\t\t\t\t\t<\/div>\n\t\t\t\t<\/div>\n\t\t\t\t\t<\/div>\n\t\t<\/div>\n\t\t\t\t\t<\/div>\n\t\t<\/section>\n\t\t\t\t<section class=\"elementor-section elementor-top-section elementor-element elementor-element-330bdac elementor-section-boxed elementor-section-height-default elementor-section-height-default\" data-id=\"330bdac\" data-element_type=\"section\" data-e-type=\"section\">\n\t\t\t\t\t\t<div class=\"elementor-container elementor-column-gap-default\">\n\t\t\t\t\t<div class=\"elementor-column elementor-col-100 elementor-top-column elementor-element elementor-element-36efd76\" data-id=\"36efd76\" data-element_type=\"column\" data-e-type=\"column\">\n\t\t\t<div class=\"elementor-widget-wrap elementor-element-populated\">\n\t\t\t\t\t\t<div class=\"elementor-element elementor-element-9f46b00 elementor-widget elementor-widget-spacer\" data-id=\"9f46b00\" data-element_type=\"widget\" data-e-type=\"widget\" data-widget_type=\"spacer.default\">\n\t\t\t\t<div class=\"elementor-widget-container\">\n\t\t\t\t\t\t\t<div class=\"elementor-spacer\">\n\t\t\t<div class=\"elementor-spacer-inner\"><\/div>\n\t\t<\/div>\n\t\t\t\t\t\t<\/div>\n\t\t\t\t<\/div>\n\t\t\t\t\t<\/div>\n\t\t<\/div>\n\t\t\t\t\t<\/div>\n\t\t<\/section>\n\t\t\t\t<section class=\"elementor-section elementor-top-section elementor-element elementor-element-d09ec75 elementor-section-boxed elementor-section-height-default elementor-section-height-default\" data-id=\"d09ec75\" data-element_type=\"section\" data-e-type=\"section\">\n\t\t\t\t\t\t<div class=\"elementor-container elementor-column-gap-default\">\n\t\t\t\t\t<div class=\"elementor-column elementor-col-33 elementor-top-column elementor-element elementor-element-dc21e43\" data-id=\"dc21e43\" data-element_type=\"column\" data-e-type=\"column\">\n\t\t\t<div class=\"elementor-widget-wrap\">\n\t\t\t\t\t\t\t<\/div>\n\t\t<\/div>\n\t\t\t\t<div class=\"elementor-column elementor-col-33 elementor-top-column elementor-element elementor-element-74ab3e6\" data-id=\"74ab3e6\" data-element_type=\"column\" data-e-type=\"column\">\n\t\t\t<div class=\"elementor-widget-wrap elementor-element-populated\">\n\t\t\t\t\t\t<div class=\"elementor-element elementor-element-cbb1ae1 elementor-shape-rounded elementor-grid-0 e-grid-align-center elementor-widget elementor-widget-social-icons\" data-id=\"cbb1ae1\" data-element_type=\"widget\" data-e-type=\"widget\" data-widget_type=\"social-icons.default\">\n\t\t\t\t<div class=\"elementor-widget-container\">\n\t\t\t\t\t\t\t<div class=\"elementor-social-icons-wrapper elementor-grid\" role=\"list\">\n\t\t\t\t\t\t\t<span class=\"elementor-grid-item\" role=\"listitem\">\n\t\t\t\t\t<a class=\"elementor-icon elementor-social-icon elementor-social-icon-instagram elementor-repeater-item-999d201\" target=\"_blank\">\n\t\t\t\t\t\t<span class=\"elementor-screen-only\">Instagram<\/span>\n\t\t\t\t\t\t<i aria-hidden=\"true\" class=\"fab fa-instagram\"><\/i>\t\t\t\t\t<\/a>\n\t\t\t\t<\/span>\n\t\t\t\t\t\t\t<span class=\"elementor-grid-item\" role=\"listitem\">\n\t\t\t\t\t<a class=\"elementor-icon elementor-social-icon elementor-social-icon-youtube elementor-repeater-item-74c652c\" target=\"_blank\">\n\t\t\t\t\t\t<span class=\"elementor-screen-only\">Youtube<\/span>\n\t\t\t\t\t\t<i aria-hidden=\"true\" class=\"fab fa-youtube\"><\/i>\t\t\t\t\t<\/a>\n\t\t\t\t<\/span>\n\t\t\t\t\t<\/div>\n\t\t\t\t\t\t<\/div>\n\t\t\t\t<\/div>\n\t\t\t\t\t<\/div>\n\t\t<\/div>\n\t\t\t\t<div class=\"elementor-column elementor-col-33 elementor-top-column elementor-element elementor-element-149ad49\" data-id=\"149ad49\" data-element_type=\"column\" data-e-type=\"column\">\n\t\t\t<div class=\"elementor-widget-wrap\">\n\t\t\t\t\t\t\t<\/div>\n\t\t<\/div>\n\t\t\t\t\t<\/div>\n\t\t<\/section>\n\t\t\t\t<\/div>\n\t\t","protected":false},"excerpt":{"rendered":"<p>La expansi\u00f3n de la conciencia a trav\u00e9s de las artes, la fotograf\u00eda y la autoindagaci\u00f3n. Instagram Youtube<\/p>\n","protected":false},"author":1,"featured_media":0,"parent":0,"menu_order":6,"comment_status":"closed","ping_status":"closed","template":"elementor_theme","meta":{"_monsterinsights_skip_tracking":false,"_monsterinsights_sitenote_active":false,"_monsterinsights_sitenote_note":"","_monsterinsights_sitenote_category":0,"ngg_post_thumbnail":0,"footnotes":""},"class_list":["post-3721","page","type-page","status-publish","hentry"],"yoast_head":"<!-- This site is optimized with the Yoast SEO plugin v25.1 - https:\/\/yoast.com\/wordpress\/plugins\/seo\/ -->\n<title>seruno.art | lauragruiz.es<\/title>\n<meta name=\"robots\" content=\"index, follow, max-snippet:-1, max-image-preview:large, max-video-preview:-1\" \/>\n<link rel=\"canonical\" href=\"https:\/\/lauragruiz.es\/index.php\/seruno-art\/\" \/>\n<meta property=\"og:locale\" content=\"es_ES\" \/>\n<meta property=\"og:type\" content=\"article\" \/>\n<meta property=\"og:title\" content=\"seruno.art | lauragruiz.es\" \/>\n<meta property=\"og:description\" content=\"La expansi\u00f3n de la conciencia a trav\u00e9s de las artes, la fotograf\u00eda y la autoindagaci\u00f3n. Instagram Youtube\" \/>\n<meta property=\"og:url\" content=\"https:\/\/lauragruiz.es\/index.php\/seruno-art\/\" \/>\n<meta property=\"og:site_name\" content=\"lauragruiz.es\" \/>\n<meta property=\"article:modified_time\" content=\"2022-11-02T15:11:54+00:00\" \/>\n<meta property=\"og:image\" content=\"https:\/\/lauragruiz.es\/wp-content\/uploads\/2022\/10\/logo-ser-uno.png\" \/>\n<meta name=\"twitter:label1\" content=\"Tiempo de lectura\" \/>\n\t<meta name=\"twitter:data1\" content=\"2 minutos\" \/>\n<script type=\"application\/ld+json\" class=\"yoast-schema-graph\">{\"@context\":\"https:\/\/schema.org\",\"@graph\":[{\"@type\":\"WebPage\",\"@id\":\"https:\/\/lauragruiz.es\/index.php\/seruno-art\/\",\"url\":\"https:\/\/lauragruiz.es\/index.php\/seruno-art\/\",\"name\":\"seruno.art | lauragruiz.es\",\"isPartOf\":{\"@id\":\"https:\/\/lauragruiz.es\/#website\"},\"primaryImageOfPage\":{\"@id\":\"https:\/\/lauragruiz.es\/index.php\/seruno-art\/#primaryimage\"},\"image\":{\"@id\":\"https:\/\/lauragruiz.es\/index.php\/seruno-art\/#primaryimage\"},\"thumbnailUrl\":\"https:\/\/lauragruiz.es\/wp-content\/uploads\/2022\/10\/logo-ser-uno.png\",\"datePublished\":\"2022-10-27T15:59:15+00:00\",\"dateModified\":\"2022-11-02T15:11:54+00:00\",\"breadcrumb\":{\"@id\":\"https:\/\/lauragruiz.es\/index.php\/seruno-art\/#breadcrumb\"},\"inLanguage\":\"es\",\"potentialAction\":[{\"@type\":\"ReadAction\",\"target\":[\"https:\/\/lauragruiz.es\/index.php\/seruno-art\/\"]}]},{\"@type\":\"ImageObject\",\"inLanguage\":\"es\",\"@id\":\"https:\/\/lauragruiz.es\/index.php\/seruno-art\/#primaryimage\",\"url\":\"https:\/\/lauragruiz.es\/wp-content\/uploads\/2022\/10\/logo-ser-uno.png\",\"contentUrl\":\"https:\/\/lauragruiz.es\/wp-content\/uploads\/2022\/10\/logo-ser-uno.png\",\"width\":850,\"height\":345},{\"@type\":\"BreadcrumbList\",\"@id\":\"https:\/\/lauragruiz.es\/index.php\/seruno-art\/#breadcrumb\",\"itemListElement\":[{\"@type\":\"ListItem\",\"position\":1,\"name\":\"Portada\",\"item\":\"https:\/\/lauragruiz.es\/\"},{\"@type\":\"ListItem\",\"position\":2,\"name\":\"seruno.art\"}]},{\"@type\":\"WebSite\",\"@id\":\"https:\/\/lauragruiz.es\/#website\",\"url\":\"https:\/\/lauragruiz.es\/\",\"name\":\"lauragruiz.es\",\"description\":\"fotograf\u00eda y conciencia\",\"publisher\":{\"@id\":\"https:\/\/lauragruiz.es\/#\/schema\/person\/257dafbb316ba92e28b5057466d09536\"},\"potentialAction\":[{\"@type\":\"SearchAction\",\"target\":{\"@type\":\"EntryPoint\",\"urlTemplate\":\"https:\/\/lauragruiz.es\/?s={search_term_string}\"},\"query-input\":{\"@type\":\"PropertyValueSpecification\",\"valueRequired\":true,\"valueName\":\"search_term_string\"}}],\"inLanguage\":\"es\"},{\"@type\":[\"Person\",\"Organization\"],\"@id\":\"https:\/\/lauragruiz.es\/#\/schema\/person\/257dafbb316ba92e28b5057466d09536\",\"name\":\"lauragruiz\",\"image\":{\"@type\":\"ImageObject\",\"inLanguage\":\"es\",\"@id\":\"https:\/\/lauragruiz.es\/#\/schema\/person\/image\/\",\"url\":\"https:\/\/lauragruiz.es\/wp-content\/uploads\/2021\/03\/cropped-LAURAGINES-e1666111867453.png\",\"contentUrl\":\"https:\/\/lauragruiz.es\/wp-content\/uploads\/2021\/03\/cropped-LAURAGINES-e1666111867453.png\",\"width\":500,\"height\":66,\"caption\":\"lauragruiz\"},\"logo\":{\"@id\":\"https:\/\/lauragruiz.es\/#\/schema\/person\/image\/\"},\"sameAs\":[\"http:\/\/lauragruiz.es\"]}]}<\/script>\n<!-- \/ Yoast SEO plugin. -->","yoast_head_json":{"title":"seruno.art | lauragruiz.es","robots":{"index":"index","follow":"follow","max-snippet":"max-snippet:-1","max-image-preview":"max-image-preview:large","max-video-preview":"max-video-preview:-1"},"canonical":"https:\/\/lauragruiz.es\/index.php\/seruno-art\/","og_locale":"es_ES","og_type":"article","og_title":"seruno.art | lauragruiz.es","og_description":"La expansi\u00f3n de la conciencia a trav\u00e9s de las artes, la fotograf\u00eda y la autoindagaci\u00f3n. Instagram Youtube","og_url":"https:\/\/lauragruiz.es\/index.php\/seruno-art\/","og_site_name":"lauragruiz.es","article_modified_time":"2022-11-02T15:11:54+00:00","og_image":[{"url":"https:\/\/lauragruiz.es\/wp-content\/uploads\/2022\/10\/logo-ser-uno.png","type":"","width":"","height":""}],"twitter_misc":{"Tiempo de lectura":"2 minutos"},"schema":{"@context":"https:\/\/schema.org","@graph":[{"@type":"WebPage","@id":"https:\/\/lauragruiz.es\/index.php\/seruno-art\/","url":"https:\/\/lauragruiz.es\/index.php\/seruno-art\/","name":"seruno.art | lauragruiz.es","isPartOf":{"@id":"https:\/\/lauragruiz.es\/#website"},"primaryImageOfPage":{"@id":"https:\/\/lauragruiz.es\/index.php\/seruno-art\/#primaryimage"},"image":{"@id":"https:\/\/lauragruiz.es\/index.php\/seruno-art\/#primaryimage"},"thumbnailUrl":"https:\/\/lauragruiz.es\/wp-content\/uploads\/2022\/10\/logo-ser-uno.png","datePublished":"2022-10-27T15:59:15+00:00","dateModified":"2022-11-02T15:11:54+00:00","breadcrumb":{"@id":"https:\/\/lauragruiz.es\/index.php\/seruno-art\/#breadcrumb"},"inLanguage":"es","potentialAction":[{"@type":"ReadAction","target":["https:\/\/lauragruiz.es\/index.php\/seruno-art\/"]}]},{"@type":"ImageObject","inLanguage":"es","@id":"https:\/\/lauragruiz.es\/index.php\/seruno-art\/#primaryimage","url":"https:\/\/lauragruiz.es\/wp-content\/uploads\/2022\/10\/logo-ser-uno.png","contentUrl":"https:\/\/lauragruiz.es\/wp-content\/uploads\/2022\/10\/logo-ser-uno.png","width":850,"height":345},{"@type":"BreadcrumbList","@id":"https:\/\/lauragruiz.es\/index.php\/seruno-art\/#breadcrumb","itemListElement":[{"@type":"ListItem","position":1,"name":"Portada","item":"https:\/\/lauragruiz.es\/"},{"@type":"ListItem","position":2,"name":"seruno.art"}]},{"@type":"WebSite","@id":"https:\/\/lauragruiz.es\/#website","url":"https:\/\/lauragruiz.es\/","name":"lauragruiz.es","description":"fotograf\u00eda y conciencia","publisher":{"@id":"https:\/\/lauragruiz.es\/#\/schema\/person\/257dafbb316ba92e28b5057466d09536"},"potentialAction":[{"@type":"SearchAction","target":{"@type":"EntryPoint","urlTemplate":"https:\/\/lauragruiz.es\/?s={search_term_string}"},"query-input":{"@type":"PropertyValueSpecification","valueRequired":true,"valueName":"search_term_string"}}],"inLanguage":"es"},{"@type":["Person","Organization"],"@id":"https:\/\/lauragruiz.es\/#\/schema\/person\/257dafbb316ba92e28b5057466d09536","name":"lauragruiz","image":{"@type":"ImageObject","inLanguage":"es","@id":"https:\/\/lauragruiz.es\/#\/schema\/person\/image\/","url":"https:\/\/lauragruiz.es\/wp-content\/uploads\/2021\/03\/cropped-LAURAGINES-e1666111867453.png","contentUrl":"https:\/\/lauragruiz.es\/wp-content\/uploads\/2021\/03\/cropped-LAURAGINES-e1666111867453.png","width":500,"height":66,"caption":"lauragruiz"},"logo":{"@id":"https:\/\/lauragruiz.es\/#\/schema\/person\/image\/"},"sameAs":["http:\/\/lauragruiz.es"]}]}},"_links":{"self":[{"href":"https:\/\/lauragruiz.es\/index.php\/wp-json\/wp\/v2\/pages\/3721","targetHints":{"allow":["GET"]}}],"collection":[{"href":"https:\/\/lauragruiz.es\/index.php\/wp-json\/wp\/v2\/pages"}],"about":[{"href":"https:\/\/lauragruiz.es\/index.php\/wp-json\/wp\/v2\/types\/page"}],"author":[{"embeddable":true,"href":"https:\/\/lauragruiz.es\/index.php\/wp-json\/wp\/v2\/users\/1"}],"replies":[{"embeddable":true,"href":"https:\/\/lauragruiz.es\/index.php\/wp-json\/wp\/v2\/comments?post=3721"}],"version-history":[{"count":53,"href":"https:\/\/lauragruiz.es\/index.php\/wp-json\/wp\/v2\/pages\/3721\/revisions"}],"predecessor-version":[{"id":3883,"href":"https:\/\/lauragruiz.es\/index.php\/wp-json\/wp\/v2\/pages\/3721\/revisions\/3883"}],"wp:attachment":[{"href":"https:\/\/lauragruiz.es\/index.php\/wp-json\/wp\/v2\/media?parent=3721"}],"curies":[{"name":"wp","href":"https:\/\/api.w.org\/{rel}","templated":true}]}}