{"id":3430,"date":"2022-10-14T13:59:57","date_gmt":"2022-10-14T13:59:57","guid":{"rendered":"http:\/\/lauragruiz.es\/?page_id=3430"},"modified":"2022-10-14T15:14:37","modified_gmt":"2022-10-14T15:14:37","slug":"testimoniales","status":"publish","type":"page","link":"https:\/\/lauragruiz.es\/index.php\/testimoniales\/","title":{"rendered":"testimoniales"},"content":{"rendered":"\t\t<div data-elementor-type=\"wp-page\" data-elementor-id=\"3430\" class=\"elementor elementor-3430\" data-elementor-post-type=\"page\">\n\t\t\t\t\t\t<section class=\"elementor-section elementor-top-section elementor-element elementor-element-7c3f70f elementor-section-boxed elementor-section-height-default elementor-section-height-default\" data-id=\"7c3f70f\" data-element_type=\"section\" data-e-type=\"section\">\n\t\t\t\t\t\t<div class=\"elementor-container elementor-column-gap-default\">\n\t\t\t\t\t<div class=\"elementor-column elementor-col-100 elementor-top-column elementor-element elementor-element-ca1cfb4\" data-id=\"ca1cfb4\" data-element_type=\"column\" data-e-type=\"column\">\n\t\t\t<div class=\"elementor-widget-wrap elementor-element-populated\">\n\t\t\t\t\t\t<div class=\"elementor-element elementor-element-7852e06 elementor-widget elementor-widget-spacer\" data-id=\"7852e06\" data-element_type=\"widget\" data-e-type=\"widget\" data-widget_type=\"spacer.default\">\n\t\t\t\t<div class=\"elementor-widget-container\">\n\t\t\t\t\t\t\t<div class=\"elementor-spacer\">\n\t\t\t<div class=\"elementor-spacer-inner\"><\/div>\n\t\t<\/div>\n\t\t\t\t\t\t<\/div>\n\t\t\t\t<\/div>\n\t\t\t\t\t<\/div>\n\t\t<\/div>\n\t\t\t\t\t<\/div>\n\t\t<\/section>\n\t\t\t\t<section class=\"elementor-section elementor-top-section elementor-element elementor-element-235217c elementor-section-full_width elementor-section-height-default elementor-section-height-default\" data-id=\"235217c\" data-element_type=\"section\" data-e-type=\"section\">\n\t\t\t\t\t\t<div class=\"elementor-container elementor-column-gap-default\">\n\t\t\t\t\t<div class=\"elementor-column elementor-col-50 elementor-top-column elementor-element elementor-element-805adb3\" data-id=\"805adb3\" data-element_type=\"column\" data-e-type=\"column\">\n\t\t\t<div class=\"elementor-widget-wrap elementor-element-populated\">\n\t\t\t\t\t\t<div class=\"elementor-element elementor-element-b5a17de elementor-testimonial--layout-image_above elementor-testimonial--align-left elementor-testimonial--skin-default elementor-arrows-yes elementor-widget elementor-widget-testimonial-carousel\" data-id=\"b5a17de\" data-element_type=\"widget\" data-e-type=\"widget\" data-settings=\"{&quot;space_between&quot;:{&quot;unit&quot;:&quot;px&quot;,&quot;size&quot;:0,&quot;sizes&quot;:[]},&quot;slides_per_view_tablet&quot;:&quot;1&quot;,&quot;show_arrows&quot;:&quot;yes&quot;,&quot;speed&quot;:500,&quot;autoplay&quot;:&quot;yes&quot;,&quot;autoplay_speed&quot;:5000,&quot;loop&quot;:&quot;yes&quot;,&quot;pause_on_hover&quot;:&quot;yes&quot;,&quot;pause_on_interaction&quot;:&quot;yes&quot;,&quot;space_between_tablet&quot;:{&quot;unit&quot;:&quot;px&quot;,&quot;size&quot;:10,&quot;sizes&quot;:[]},&quot;space_between_mobile&quot;:{&quot;unit&quot;:&quot;px&quot;,&quot;size&quot;:10,&quot;sizes&quot;:[]}}\" data-widget_type=\"testimonial-carousel.default\">\n\t\t\t\t<div class=\"elementor-widget-container\">\n\t\t\t\t\t\t\t\t\t<div class=\"elementor-swiper\">\n\t\t\t\t\t<div class=\"elementor-main-swiper swiper\" role=\"region\" aria-roledescription=\"carousel\" aria-label=\"Diapositivas\">\n\t\t\t\t<div class=\"swiper-wrapper\">\n\t\t\t\t\t\t\t\t\t\t\t<div class=\"swiper-slide\" role=\"group\" aria-roledescription=\"slide\">\n\t\t\t\t\t\t\t\t\t<div class=\"elementor-testimonial\">\n\t\t\t\t\t\t\t<div class=\"elementor-testimonial__content\">\n\t\t\t\t\t<div class=\"elementor-testimonial__text\">\n\t\t\t\t\t\t\u201cLaura es una fot\u00f3grafa extraordinaria que tiene el don de captar el alma de las personas. Es una fot\u00f3grafa consciente.\nGracias por una sesi\u00f3n llena de risas y cachondeo\u201d.\n\t\t\t\t\t<\/div>\n\t\t\t\t\t<cite class=\"elementor-testimonial__cite\"><span class=\"elementor-testimonial__name\">Borja Vilaseca<\/span><span class=\"elementor-testimonial__title\">Escritor, conferenciante y emprendedor de proyectos conscientes.<\/span><\/cite>\t\t\t\t<\/div>\n\t\t\t\t\t\t<div class=\"elementor-testimonial__footer\">\n\t\t\t\t\t\t\t\t\t<div class=\"elementor-testimonial__image\">\n\t\t\t\t\t\t<img decoding=\"async\" src=\"https:\/\/lauragruiz.es\/wp-content\/uploads\/2022\/01\/borja_vilaseca_lauragruiz_4_web.jpg\" alt=\"Borja Vilaseca\">\n\t\t\t\t\t\t\t\t\t\t\t<\/div>\n\t\t\t\t\t\t\t\t\t\t\t<\/div>\n\t\t<\/div>\n\t\t\t\t\t\t\t\t<\/div>\n\t\t\t\t\t\t\t\t\t<\/div>\n\t\t\t\t\t\t\t<\/div>\n\t\t\t\t<\/div>\n\t\t\t\t\t\t\t\t<\/div>\n\t\t\t\t<\/div>\n\t\t\t\t\t<\/div>\n\t\t<\/div>\n\t\t\t\t<div class=\"elementor-column elementor-col-50 elementor-top-column elementor-element elementor-element-274910e\" data-id=\"274910e\" data-element_type=\"column\" data-e-type=\"column\">\n\t\t\t<div class=\"elementor-widget-wrap elementor-element-populated\">\n\t\t\t\t\t\t<div class=\"elementor-element elementor-element-bb738cb elementor-testimonial--layout-image_above elementor-testimonial--align-left elementor-testimonial--skin-default elementor-arrows-yes elementor-widget elementor-widget-testimonial-carousel\" data-id=\"bb738cb\" data-element_type=\"widget\" data-e-type=\"widget\" data-settings=\"{&quot;space_between&quot;:{&quot;unit&quot;:&quot;px&quot;,&quot;size&quot;:0,&quot;sizes&quot;:[]},&quot;show_arrows&quot;:&quot;yes&quot;,&quot;speed&quot;:500,&quot;autoplay&quot;:&quot;yes&quot;,&quot;autoplay_speed&quot;:5000,&quot;loop&quot;:&quot;yes&quot;,&quot;pause_on_hover&quot;:&quot;yes&quot;,&quot;pause_on_interaction&quot;:&quot;yes&quot;,&quot;space_between_tablet&quot;:{&quot;unit&quot;:&quot;px&quot;,&quot;size&quot;:10,&quot;sizes&quot;:[]},&quot;space_between_mobile&quot;:{&quot;unit&quot;:&quot;px&quot;,&quot;size&quot;:10,&quot;sizes&quot;:[]}}\" data-widget_type=\"testimonial-carousel.default\">\n\t\t\t\t<div class=\"elementor-widget-container\">\n\t\t\t\t\t\t\t\t\t<div class=\"elementor-swiper\">\n\t\t\t\t\t<div class=\"elementor-main-swiper swiper\" role=\"region\" aria-roledescription=\"carousel\" aria-label=\"Diapositivas\">\n\t\t\t\t<div class=\"swiper-wrapper\">\n\t\t\t\t\t\t\t\t\t\t\t<div class=\"swiper-slide\" role=\"group\" aria-roledescription=\"slide\">\n\t\t\t\t\t\t\t\t\t<div class=\"elementor-testimonial\">\n\t\t\t\t\t\t\t<div class=\"elementor-testimonial__content\">\n\t\t\t\t\t<div class=\"elementor-testimonial__text\">\n\t\t\t\t\t\t\u201cEstaba buscando alguien que me supiera ver a nivel fotogr\u00e1fico, as\u00ed se lo comuniqu\u00e9 a Laura y as\u00ed fue.Ella supo captar mi energ\u00eda y las diferentes partes de mi que en las fotos gratamente, se ven reflejadas. Estoy muy satisfecha con la sesi\u00f3n. Me siento muy identificada con las fotos que me hizo y muy conectada con su manera de trabajar. Gracias!\u201d\t\t\t\t\t<\/div>\n\t\t\t\t\t<cite class=\"elementor-testimonial__cite\"><span class=\"elementor-testimonial__name\">Elma Roura<\/span><span class=\"elementor-testimonial__title\">Especializada en procesos de salir del sufrimiento y tantra.<\/span><\/cite>\t\t\t\t<\/div>\n\t\t\t\t\t\t<div class=\"elementor-testimonial__footer\">\n\t\t\t\t\t\t\t\t\t<div class=\"elementor-testimonial__image\">\n\t\t\t\t\t\t<img decoding=\"async\" src=\"https:\/\/lauragruiz.es\/wp-content\/uploads\/2022\/10\/2.fotografia-web-elma-roura-laura-gines-ruiz.jpg\" alt=\"Elma Roura\">\n\t\t\t\t\t\t\t\t\t\t\t<\/div>\n\t\t\t\t\t\t\t\t\t\t\t<\/div>\n\t\t<\/div>\n\t\t\t\t\t\t\t\t<\/div>\n\t\t\t\t\t\t\t\t\t<\/div>\n\t\t\t\t\t\t\t<\/div>\n\t\t\t\t<\/div>\n\t\t\t\t\t\t\t\t<\/div>\n\t\t\t\t<\/div>\n\t\t\t\t\t<\/div>\n\t\t<\/div>\n\t\t\t\t\t<\/div>\n\t\t<\/section>\n\t\t\t\t<section class=\"elementor-section elementor-top-section elementor-element elementor-element-4cbd113 elementor-section-full_width elementor-section-height-default elementor-section-height-default\" data-id=\"4cbd113\" data-element_type=\"section\" data-e-type=\"section\">\n\t\t\t\t\t\t<div class=\"elementor-container elementor-column-gap-default\">\n\t\t\t\t\t<div class=\"elementor-column elementor-col-50 elementor-top-column elementor-element elementor-element-d657813\" data-id=\"d657813\" data-element_type=\"column\" data-e-type=\"column\">\n\t\t\t<div class=\"elementor-widget-wrap elementor-element-populated\">\n\t\t\t\t\t\t<div class=\"elementor-element elementor-element-04f7f03 elementor-testimonial--layout-image_above elementor-testimonial--align-left elementor-testimonial--skin-default elementor-arrows-yes elementor-widget elementor-widget-testimonial-carousel\" data-id=\"04f7f03\" data-element_type=\"widget\" data-e-type=\"widget\" data-settings=\"{&quot;space_between&quot;:{&quot;unit&quot;:&quot;px&quot;,&quot;size&quot;:0,&quot;sizes&quot;:[]},&quot;show_arrows&quot;:&quot;yes&quot;,&quot;speed&quot;:500,&quot;autoplay&quot;:&quot;yes&quot;,&quot;autoplay_speed&quot;:5000,&quot;loop&quot;:&quot;yes&quot;,&quot;pause_on_hover&quot;:&quot;yes&quot;,&quot;pause_on_interaction&quot;:&quot;yes&quot;,&quot;space_between_tablet&quot;:{&quot;unit&quot;:&quot;px&quot;,&quot;size&quot;:10,&quot;sizes&quot;:[]},&quot;space_between_mobile&quot;:{&quot;unit&quot;:&quot;px&quot;,&quot;size&quot;:10,&quot;sizes&quot;:[]}}\" data-widget_type=\"testimonial-carousel.default\">\n\t\t\t\t<div class=\"elementor-widget-container\">\n\t\t\t\t\t\t\t\t\t<div class=\"elementor-swiper\">\n\t\t\t\t\t<div class=\"elementor-main-swiper swiper\" role=\"region\" aria-roledescription=\"carousel\" aria-label=\"Diapositivas\">\n\t\t\t\t<div class=\"swiper-wrapper\">\n\t\t\t\t\t\t\t\t\t\t\t<div class=\"swiper-slide\" role=\"group\" aria-roledescription=\"slide\">\n\t\t\t\t\t\t\t\t\t<div class=\"elementor-testimonial\">\n\t\t\t\t\t\t\t<div class=\"elementor-testimonial__content\">\n\t\t\t\t\t<div class=\"elementor-testimonial__text\">\n\t\t\t\t\t\t\"Laura posee el talento de ver tanto a trav\u00e9s de su mirada exterior como de su mirada interior. Laura a\u00fana experiencia fotogr\u00e1fica, capacidad para captar la belleza y lo que m\u00e1s valoro, capacidad para captar el alma de las personas. Su trabajo es una mezcla de belleza y conciencia y el hecho de que su enfoque profesional se dirija hacia personas y proyectos que procuren un bien com\u00fan para m\u00ed fue el indicador de sus valores personales y el factor decisivo. Conect\u00e9 con ella desde el primer momento y a pesar de mi nula experiencia delante de una c\u00e1mara y de lo dif\u00edcil que se lo puse en la sesi\u00f3n fotogr\u00e1fica Laura obtuvo de mi unas fotograf\u00edas muy por encima de mis expectativas y con las que al mismo tiempo me siento muy identificada. Laura extrae de ti tu mejor versi\u00f3n.\"\t\t\t\t\t<\/div>\n\t\t\t\t\t<cite class=\"elementor-testimonial__cite\"><span class=\"elementor-testimonial__name\">Gloria Gonzalez<\/span><span class=\"elementor-testimonial__title\">Dise\u00f1adora industrial y de Interiores, especializada en Bioconstrucci\u00f3n. Promotora de la arquitectura saludable.<\/span><\/cite>\t\t\t\t<\/div>\n\t\t\t\t\t\t<div class=\"elementor-testimonial__footer\">\n\t\t\t\t\t\t\t\t\t<div class=\"elementor-testimonial__image\">\n\t\t\t\t\t\t<img decoding=\"async\" src=\"https:\/\/lauragruiz.es\/wp-content\/uploads\/2022\/10\/30.-fotografia-gloria-gonzalez-interiorista-consciente-bcn-laura-gines-ruiz.jpg\" alt=\"Gloria Gonzalez\">\n\t\t\t\t\t\t\t\t\t\t\t<\/div>\n\t\t\t\t\t\t\t\t\t\t\t<\/div>\n\t\t<\/div>\n\t\t\t\t\t\t\t\t<\/div>\n\t\t\t\t\t\t\t\t\t<\/div>\n\t\t\t\t\t\t\t<\/div>\n\t\t\t\t<\/div>\n\t\t\t\t\t\t\t\t<\/div>\n\t\t\t\t<\/div>\n\t\t\t\t\t<\/div>\n\t\t<\/div>\n\t\t\t\t<div class=\"elementor-column elementor-col-50 elementor-top-column elementor-element elementor-element-8d7b7a4\" data-id=\"8d7b7a4\" data-element_type=\"column\" data-e-type=\"column\">\n\t\t\t<div class=\"elementor-widget-wrap elementor-element-populated\">\n\t\t\t\t\t\t<div class=\"elementor-element elementor-element-64fc35b elementor-testimonial--layout-image_above elementor-testimonial--align-left elementor-testimonial--skin-default elementor-arrows-yes elementor-widget elementor-widget-testimonial-carousel\" data-id=\"64fc35b\" data-element_type=\"widget\" data-e-type=\"widget\" data-settings=\"{&quot;space_between&quot;:{&quot;unit&quot;:&quot;px&quot;,&quot;size&quot;:0,&quot;sizes&quot;:[]},&quot;show_arrows&quot;:&quot;yes&quot;,&quot;speed&quot;:500,&quot;autoplay&quot;:&quot;yes&quot;,&quot;autoplay_speed&quot;:5000,&quot;loop&quot;:&quot;yes&quot;,&quot;pause_on_hover&quot;:&quot;yes&quot;,&quot;pause_on_interaction&quot;:&quot;yes&quot;,&quot;space_between_tablet&quot;:{&quot;unit&quot;:&quot;px&quot;,&quot;size&quot;:10,&quot;sizes&quot;:[]},&quot;space_between_mobile&quot;:{&quot;unit&quot;:&quot;px&quot;,&quot;size&quot;:10,&quot;sizes&quot;:[]}}\" data-widget_type=\"testimonial-carousel.default\">\n\t\t\t\t<div class=\"elementor-widget-container\">\n\t\t\t\t\t\t\t\t\t<div class=\"elementor-swiper\">\n\t\t\t\t\t<div class=\"elementor-main-swiper swiper\" role=\"region\" aria-roledescription=\"carousel\" aria-label=\"Diapositivas\">\n\t\t\t\t<div class=\"swiper-wrapper\">\n\t\t\t\t\t\t\t\t\t\t\t<div class=\"swiper-slide\" role=\"group\" aria-roledescription=\"slide\">\n\t\t\t\t\t\t\t\t\t<div class=\"elementor-testimonial\">\n\t\t\t\t\t\t\t<div class=\"elementor-testimonial__content\">\n\t\t\t\t\t<div class=\"elementor-testimonial__text\">\n\t\t\t\t\t\t\"Conocer a Laura ha sido un regalo. Acud\u00ed con muchas expectativas a nuestra sesi\u00f3n y esas expectativas fueron mas que superadas. \n\nLaura es una persona que ama su trabajo y eso es justo lo que te transmite. Puso su alma en esa sesi\u00f3n igual que ha hecho en cada uno de nuestros encuentros posteriores. \n\nA d\u00eda de hoy puedo decir que su trabajo me ha abierto y facilitado el camino en mi carrera profesional. Laura tiene un don \u00fanico y esto se hace obvio en los primeros minutos trabajando con ella. \n\nTe estar\u00e9 eternamente agradecida.\n\t\t\t\t\t<\/div>\n\t\t\t\t\t<cite class=\"elementor-testimonial__cite\"><span class=\"elementor-testimonial__name\">Violeta Wulff<\/span><span class=\"elementor-testimonial__title\">Bailarina, actriz y modelo.<\/span><\/cite>\t\t\t\t<\/div>\n\t\t\t\t\t\t<div class=\"elementor-testimonial__footer\">\n\t\t\t\t\t\t\t\t\t<div class=\"elementor-testimonial__image\">\n\t\t\t\t\t\t<img decoding=\"async\" src=\"https:\/\/lauragruiz.es\/wp-content\/uploads\/2022\/10\/portada-inicio-lauragruiz-es.jpg\" alt=\"Violeta Wulff\">\n\t\t\t\t\t\t\t\t\t\t\t<\/div>\n\t\t\t\t\t\t\t\t\t\t\t<\/div>\n\t\t<\/div>\n\t\t\t\t\t\t\t\t<\/div>\n\t\t\t\t\t\t\t\t\t<\/div>\n\t\t\t\t\t\t\t<\/div>\n\t\t\t\t<\/div>\n\t\t\t\t\t\t\t\t<\/div>\n\t\t\t\t<\/div>\n\t\t\t\t\t<\/div>\n\t\t<\/div>\n\t\t\t\t\t<\/div>\n\t\t<\/section>\n\t\t\t\t<\/div>\n\t\t","protected":false},"excerpt":{"rendered":"<p>\u201cLaura es una fot\u00f3grafa extraordinaria que tiene el don de captar el alma de las personas. Es una fot\u00f3grafa consciente. Gracias por una sesi\u00f3n llena de risas y cachondeo\u201d. Borja VilasecaEscritor, conferenciante y emprendedor de proyectos conscientes. \u201cEstaba buscando alguien que me supiera ver a nivel fotogr\u00e1fico, as\u00ed se lo comuniqu\u00e9 a Laura y as\u00ed &#8230; <\/p>\n<p class=\"read-more-container\"><a title=\"testimoniales\" class=\"read-more button\" href=\"https:\/\/lauragruiz.es\/index.php\/testimoniales\/#more-3430\" aria-label=\"Leer m\u00e1s sobre testimoniales\">Leer m\u00e1s<\/a><\/p>\n","protected":false},"author":3,"featured_media":0,"parent":0,"menu_order":8,"comment_status":"closed","ping_status":"closed","template":"","meta":{"_monsterinsights_skip_tracking":false,"_monsterinsights_sitenote_active":false,"_monsterinsights_sitenote_note":"","_monsterinsights_sitenote_category":0,"ngg_post_thumbnail":0,"footnotes":""},"class_list":["post-3430","page","type-page","status-publish"],"yoast_head":"<!-- This site is optimized with the Yoast SEO plugin v25.1 - https:\/\/yoast.com\/wordpress\/plugins\/seo\/ -->\n<title>testimoniales | lauragruiz.es<\/title>\n<meta name=\"robots\" content=\"index, follow, max-snippet:-1, max-image-preview:large, max-video-preview:-1\" \/>\n<link rel=\"canonical\" href=\"https:\/\/lauragruiz.es\/index.php\/testimoniales\/\" \/>\n<meta property=\"og:locale\" content=\"es_ES\" \/>\n<meta property=\"og:type\" content=\"article\" \/>\n<meta property=\"og:title\" content=\"testimoniales | lauragruiz.es\" \/>\n<meta property=\"og:description\" content=\"\u201cLaura es una fot\u00f3grafa extraordinaria que tiene el don de captar el alma de las personas. Es una fot\u00f3grafa consciente. Gracias por una sesi\u00f3n llena de risas y cachondeo\u201d. Borja VilasecaEscritor, conferenciante y emprendedor de proyectos conscientes. \u201cEstaba buscando alguien que me supiera ver a nivel fotogr\u00e1fico, as\u00ed se lo comuniqu\u00e9 a Laura y as\u00ed ... Leer m\u00e1s\" \/>\n<meta property=\"og:url\" content=\"https:\/\/lauragruiz.es\/index.php\/testimoniales\/\" \/>\n<meta property=\"og:site_name\" content=\"lauragruiz.es\" \/>\n<meta property=\"article:modified_time\" content=\"2022-10-14T15:14:37+00:00\" \/>\n<meta property=\"og:image\" content=\"http:\/\/lauragruiz.es\/wp-content\/uploads\/2022\/01\/borja_vilaseca_lauragruiz_4_web.jpg\" \/>\n<meta name=\"twitter:label1\" content=\"Tiempo de lectura\" \/>\n\t<meta name=\"twitter:data1\" content=\"3 minutos\" \/>\n<script type=\"application\/ld+json\" class=\"yoast-schema-graph\">{\"@context\":\"https:\/\/schema.org\",\"@graph\":[{\"@type\":\"WebPage\",\"@id\":\"https:\/\/lauragruiz.es\/index.php\/testimoniales\/\",\"url\":\"https:\/\/lauragruiz.es\/index.php\/testimoniales\/\",\"name\":\"testimoniales | lauragruiz.es\",\"isPartOf\":{\"@id\":\"https:\/\/lauragruiz.es\/#website\"},\"primaryImageOfPage\":{\"@id\":\"https:\/\/lauragruiz.es\/index.php\/testimoniales\/#primaryimage\"},\"image\":{\"@id\":\"https:\/\/lauragruiz.es\/index.php\/testimoniales\/#primaryimage\"},\"thumbnailUrl\":\"http:\/\/lauragruiz.es\/wp-content\/uploads\/2022\/01\/borja_vilaseca_lauragruiz_4_web.jpg\",\"datePublished\":\"2022-10-14T13:59:57+00:00\",\"dateModified\":\"2022-10-14T15:14:37+00:00\",\"breadcrumb\":{\"@id\":\"https:\/\/lauragruiz.es\/index.php\/testimoniales\/#breadcrumb\"},\"inLanguage\":\"es\",\"potentialAction\":[{\"@type\":\"ReadAction\",\"target\":[\"https:\/\/lauragruiz.es\/index.php\/testimoniales\/\"]}]},{\"@type\":\"ImageObject\",\"inLanguage\":\"es\",\"@id\":\"https:\/\/lauragruiz.es\/index.php\/testimoniales\/#primaryimage\",\"url\":\"https:\/\/lauragruiz.es\/wp-content\/uploads\/2022\/01\/borja_vilaseca_lauragruiz_4_web.jpg\",\"contentUrl\":\"https:\/\/lauragruiz.es\/wp-content\/uploads\/2022\/01\/borja_vilaseca_lauragruiz_4_web.jpg\",\"width\":801,\"height\":1200},{\"@type\":\"BreadcrumbList\",\"@id\":\"https:\/\/lauragruiz.es\/index.php\/testimoniales\/#breadcrumb\",\"itemListElement\":[{\"@type\":\"ListItem\",\"position\":1,\"name\":\"Portada\",\"item\":\"https:\/\/lauragruiz.es\/\"},{\"@type\":\"ListItem\",\"position\":2,\"name\":\"testimoniales\"}]},{\"@type\":\"WebSite\",\"@id\":\"https:\/\/lauragruiz.es\/#website\",\"url\":\"https:\/\/lauragruiz.es\/\",\"name\":\"lauragruiz.es\",\"description\":\"fotograf\u00eda y conciencia\",\"publisher\":{\"@id\":\"https:\/\/lauragruiz.es\/#\/schema\/person\/257dafbb316ba92e28b5057466d09536\"},\"potentialAction\":[{\"@type\":\"SearchAction\",\"target\":{\"@type\":\"EntryPoint\",\"urlTemplate\":\"https:\/\/lauragruiz.es\/?s={search_term_string}\"},\"query-input\":{\"@type\":\"PropertyValueSpecification\",\"valueRequired\":true,\"valueName\":\"search_term_string\"}}],\"inLanguage\":\"es\"},{\"@type\":[\"Person\",\"Organization\"],\"@id\":\"https:\/\/lauragruiz.es\/#\/schema\/person\/257dafbb316ba92e28b5057466d09536\",\"name\":\"lauragruiz\",\"image\":{\"@type\":\"ImageObject\",\"inLanguage\":\"es\",\"@id\":\"https:\/\/lauragruiz.es\/#\/schema\/person\/image\/\",\"url\":\"https:\/\/lauragruiz.es\/wp-content\/uploads\/2021\/03\/cropped-LAURAGINES-e1666111867453.png\",\"contentUrl\":\"https:\/\/lauragruiz.es\/wp-content\/uploads\/2021\/03\/cropped-LAURAGINES-e1666111867453.png\",\"width\":500,\"height\":66,\"caption\":\"lauragruiz\"},\"logo\":{\"@id\":\"https:\/\/lauragruiz.es\/#\/schema\/person\/image\/\"},\"sameAs\":[\"http:\/\/lauragruiz.es\"]}]}<\/script>\n<!-- \/ Yoast SEO plugin. -->","yoast_head_json":{"title":"testimoniales | lauragruiz.es","robots":{"index":"index","follow":"follow","max-snippet":"max-snippet:-1","max-image-preview":"max-image-preview:large","max-video-preview":"max-video-preview:-1"},"canonical":"https:\/\/lauragruiz.es\/index.php\/testimoniales\/","og_locale":"es_ES","og_type":"article","og_title":"testimoniales | lauragruiz.es","og_description":"\u201cLaura es una fot\u00f3grafa extraordinaria que tiene el don de captar el alma de las personas. Es una fot\u00f3grafa consciente. Gracias por una sesi\u00f3n llena de risas y cachondeo\u201d. Borja VilasecaEscritor, conferenciante y emprendedor de proyectos conscientes. \u201cEstaba buscando alguien que me supiera ver a nivel fotogr\u00e1fico, as\u00ed se lo comuniqu\u00e9 a Laura y as\u00ed ... Leer m\u00e1s","og_url":"https:\/\/lauragruiz.es\/index.php\/testimoniales\/","og_site_name":"lauragruiz.es","article_modified_time":"2022-10-14T15:14:37+00:00","og_image":[{"url":"http:\/\/lauragruiz.es\/wp-content\/uploads\/2022\/01\/borja_vilaseca_lauragruiz_4_web.jpg","type":"","width":"","height":""}],"twitter_misc":{"Tiempo de lectura":"3 minutos"},"schema":{"@context":"https:\/\/schema.org","@graph":[{"@type":"WebPage","@id":"https:\/\/lauragruiz.es\/index.php\/testimoniales\/","url":"https:\/\/lauragruiz.es\/index.php\/testimoniales\/","name":"testimoniales | lauragruiz.es","isPartOf":{"@id":"https:\/\/lauragruiz.es\/#website"},"primaryImageOfPage":{"@id":"https:\/\/lauragruiz.es\/index.php\/testimoniales\/#primaryimage"},"image":{"@id":"https:\/\/lauragruiz.es\/index.php\/testimoniales\/#primaryimage"},"thumbnailUrl":"http:\/\/lauragruiz.es\/wp-content\/uploads\/2022\/01\/borja_vilaseca_lauragruiz_4_web.jpg","datePublished":"2022-10-14T13:59:57+00:00","dateModified":"2022-10-14T15:14:37+00:00","breadcrumb":{"@id":"https:\/\/lauragruiz.es\/index.php\/testimoniales\/#breadcrumb"},"inLanguage":"es","potentialAction":[{"@type":"ReadAction","target":["https:\/\/lauragruiz.es\/index.php\/testimoniales\/"]}]},{"@type":"ImageObject","inLanguage":"es","@id":"https:\/\/lauragruiz.es\/index.php\/testimoniales\/#primaryimage","url":"https:\/\/lauragruiz.es\/wp-content\/uploads\/2022\/01\/borja_vilaseca_lauragruiz_4_web.jpg","contentUrl":"https:\/\/lauragruiz.es\/wp-content\/uploads\/2022\/01\/borja_vilaseca_lauragruiz_4_web.jpg","width":801,"height":1200},{"@type":"BreadcrumbList","@id":"https:\/\/lauragruiz.es\/index.php\/testimoniales\/#breadcrumb","itemListElement":[{"@type":"ListItem","position":1,"name":"Portada","item":"https:\/\/lauragruiz.es\/"},{"@type":"ListItem","position":2,"name":"testimoniales"}]},{"@type":"WebSite","@id":"https:\/\/lauragruiz.es\/#website","url":"https:\/\/lauragruiz.es\/","name":"lauragruiz.es","description":"fotograf\u00eda y conciencia","publisher":{"@id":"https:\/\/lauragruiz.es\/#\/schema\/person\/257dafbb316ba92e28b5057466d09536"},"potentialAction":[{"@type":"SearchAction","target":{"@type":"EntryPoint","urlTemplate":"https:\/\/lauragruiz.es\/?s={search_term_string}"},"query-input":{"@type":"PropertyValueSpecification","valueRequired":true,"valueName":"search_term_string"}}],"inLanguage":"es"},{"@type":["Person","Organization"],"@id":"https:\/\/lauragruiz.es\/#\/schema\/person\/257dafbb316ba92e28b5057466d09536","name":"lauragruiz","image":{"@type":"ImageObject","inLanguage":"es","@id":"https:\/\/lauragruiz.es\/#\/schema\/person\/image\/","url":"https:\/\/lauragruiz.es\/wp-content\/uploads\/2021\/03\/cropped-LAURAGINES-e1666111867453.png","contentUrl":"https:\/\/lauragruiz.es\/wp-content\/uploads\/2021\/03\/cropped-LAURAGINES-e1666111867453.png","width":500,"height":66,"caption":"lauragruiz"},"logo":{"@id":"https:\/\/lauragruiz.es\/#\/schema\/person\/image\/"},"sameAs":["http:\/\/lauragruiz.es"]}]}},"_links":{"self":[{"href":"https:\/\/lauragruiz.es\/index.php\/wp-json\/wp\/v2\/pages\/3430","targetHints":{"allow":["GET"]}}],"collection":[{"href":"https:\/\/lauragruiz.es\/index.php\/wp-json\/wp\/v2\/pages"}],"about":[{"href":"https:\/\/lauragruiz.es\/index.php\/wp-json\/wp\/v2\/types\/page"}],"author":[{"embeddable":true,"href":"https:\/\/lauragruiz.es\/index.php\/wp-json\/wp\/v2\/users\/3"}],"replies":[{"embeddable":true,"href":"https:\/\/lauragruiz.es\/index.php\/wp-json\/wp\/v2\/comments?post=3430"}],"version-history":[{"count":0,"href":"https:\/\/lauragruiz.es\/index.php\/wp-json\/wp\/v2\/pages\/3430\/revisions"}],"wp:attachment":[{"href":"https:\/\/lauragruiz.es\/index.php\/wp-json\/wp\/v2\/media?parent=3430"}],"curies":[{"name":"wp","href":"https:\/\/api.w.org\/{rel}","templated":true}]}}