{"id":2695,"date":"2022-09-28T10:51:53","date_gmt":"2022-09-28T10:51:53","guid":{"rendered":"http:\/\/lauragruiz.es\/?page_id=2695"},"modified":"2022-09-28T13:35:18","modified_gmt":"2022-09-28T13:35:18","slug":"ira-serie-fotografica","status":"publish","type":"page","link":"https:\/\/lauragruiz.es\/index.php\/ira-serie-fotografica\/","title":{"rendered":"ira \u00b7 serie fotogr\u00e1fica"},"content":{"rendered":"\t\t<div data-elementor-type=\"wp-page\" data-elementor-id=\"2695\" class=\"elementor elementor-2695\" data-elementor-post-type=\"page\">\n\t\t\t\t\t\t<section class=\"elementor-section elementor-top-section elementor-element elementor-element-42028f37 elementor-section-boxed elementor-section-height-default elementor-section-height-default\" data-id=\"42028f37\" data-element_type=\"section\" data-e-type=\"section\">\n\t\t\t\t\t\t<div class=\"elementor-container elementor-column-gap-default\">\n\t\t\t\t\t<div class=\"elementor-column elementor-col-100 elementor-top-column elementor-element elementor-element-154c8146\" data-id=\"154c8146\" data-element_type=\"column\" data-e-type=\"column\">\n\t\t\t<div class=\"elementor-widget-wrap elementor-element-populated\">\n\t\t\t\t\t\t<div class=\"elementor-element elementor-element-6d7c5fbe elementor-widget elementor-widget-text-editor\" data-id=\"6d7c5fbe\" data-element_type=\"widget\" data-e-type=\"widget\" data-widget_type=\"text-editor.default\">\n\t\t\t\t<div class=\"elementor-widget-container\">\n\t\t\t\t\t\t\t\t\t\n<p><style>\n\t\t\t#displayed_gallery_58e9281ad0f5837efd254fd8a9f952c0 img { border: none; }\n\t\n\t#displayed_gallery_58e9281ad0f5837efd254fd8a9f952c0 .image-wrapper {\n\t\tmargin: 2px;\n\t}\n<\/style><div class=\"nextgen_pro_thumbnail_grid\" id=\"displayed_gallery_58e9281ad0f5837efd254fd8a9f952c0\"><div id=\"ngg-image-0\" class=\"image-wrapper\"><a href=\"https:\/\/lauragruiz.es\/wp-content\/gallery\/ira\/kristel_magan_lauragruiz_06.jpg\"\n\t\t\t\ttitle=\"\"\n\t\t\t\tdata-src=\"https:\/\/lauragruiz.es\/wp-content\/gallery\/ira\/kristel_magan_lauragruiz_06.jpg\"\n\t\t\t\tdata-thumbnail=\"https:\/\/lauragruiz.es\/wp-content\/gallery\/ira\/thumbs\/thumbs_kristel_magan_lauragruiz_06.jpg\"\n\t\t\t\tdata-image-id=\"243\"\n\t\t\t\tdata-title=\"kristel_magan_lauragruiz_06\"\n\t\t\t\tdata-description=\"\"\n\t\t\t\tclass=\"ngg-fancybox\" rel=\"58e9281ad0f5837efd254fd8a9f952c0\" data-ngg-protect=\"1\"><picture><source srcset='https:\/\/lauragruiz.es\/wp-content\/gallery\/ira\/cache\/kristel_magan_lauragruiz_06.jpg-nggid03243-ngg0dyn-450x300x100-00f0w010c010r110f110r010t010.jpg, https:\/\/lauragruiz.es\/wp-content\/gallery\/ira\/cache\/kristel_magan_lauragruiz_06.jpg-nggid03243-ngg0dyn-900x600x100-00f0w010c010r110f110r010t010.jpg 2x'><img fetchpriority=\"high\" decoding=\"async\" title=\"kristel_magan_lauragruiz_06\" alt=\"kristel_magan_lauragruiz_06\" width=\"200\" height=\"300\" style=\"max-width:200px;max-height:300px\" src=\"https:\/\/lauragruiz.es\/wp-content\/gallery\/ira\/cache\/kristel_magan_lauragruiz_06.jpg-nggid03243-ngg0dyn-450x300x100-00f0w010c010r110f110r010t010.jpg\" srcset=\"https:\/\/lauragruiz.es\/wp-content\/gallery\/ira\/cache\/kristel_magan_lauragruiz_06.jpg-nggid03243-ngg0dyn-450x300x100-00f0w010c010r110f110r010t010.jpg, https:\/\/lauragruiz.es\/wp-content\/gallery\/ira\/cache\/kristel_magan_lauragruiz_06.jpg-nggid03243-ngg0dyn-900x600x100-00f0w010c010r110f110r010t010.jpg 2x\"\/><\/picture>\t\t\t\t<noscript><img decoding=\"async\" src=\"https:\/\/lauragruiz.es\/wp-content\/gallery\/ira\/cache\/kristel_magan_lauragruiz_06.jpg-nggid03243-ngg0dyn-450x300x100-00f0w010c010r110f110r010t010.jpg\"\n\t\t\t\t\t\ttitle=\"kristel_magan_lauragruiz_06\"\n\t\t\t\t\t\talt=\"kristel_magan_lauragruiz_06\"\n\t\t\t\t\t\twidth=\"200\"\n\t\t\t\t\t\theight=\"300\"\n\t\t\t\t\t\tstyle=\"max-width:100%; height: auto;\"\/><\/noscript><\/a><\/div><div id=\"ngg-image-1\" class=\"image-wrapper\"><a href=\"https:\/\/lauragruiz.es\/wp-content\/gallery\/ira\/kristel_magan_lauragruiz_22.jpg\"\n\t\t\t\ttitle=\"\"\n\t\t\t\tdata-src=\"https:\/\/lauragruiz.es\/wp-content\/gallery\/ira\/kristel_magan_lauragruiz_22.jpg\"\n\t\t\t\tdata-thumbnail=\"https:\/\/lauragruiz.es\/wp-content\/gallery\/ira\/thumbs\/thumbs_kristel_magan_lauragruiz_22.jpg\"\n\t\t\t\tdata-image-id=\"242\"\n\t\t\t\tdata-title=\"kristel_magan_lauragruiz_22\"\n\t\t\t\tdata-description=\"\"\n\t\t\t\tclass=\"ngg-fancybox\" rel=\"58e9281ad0f5837efd254fd8a9f952c0\" data-ngg-protect=\"1\"><picture><source srcset='https:\/\/lauragruiz.es\/wp-content\/gallery\/ira\/cache\/kristel_magan_lauragruiz_22.jpg-nggid03242-ngg0dyn-450x300x100-00f0w010c010r110f110r010t010.jpg, https:\/\/lauragruiz.es\/wp-content\/gallery\/ira\/cache\/kristel_magan_lauragruiz_22.jpg-nggid03242-ngg0dyn-900x600x100-00f0w010c010r110f110r010t010.jpg 2x'><img decoding=\"async\" title=\"kristel_magan_lauragruiz_22\" alt=\"kristel_magan_lauragruiz_22\" width=\"450\" height=\"300\" style=\"max-width:450px;max-height:300px\" src=\"https:\/\/lauragruiz.es\/wp-content\/gallery\/ira\/cache\/kristel_magan_lauragruiz_22.jpg-nggid03242-ngg0dyn-450x300x100-00f0w010c010r110f110r010t010.jpg\" srcset=\"https:\/\/lauragruiz.es\/wp-content\/gallery\/ira\/cache\/kristel_magan_lauragruiz_22.jpg-nggid03242-ngg0dyn-450x300x100-00f0w010c010r110f110r010t010.jpg, https:\/\/lauragruiz.es\/wp-content\/gallery\/ira\/cache\/kristel_magan_lauragruiz_22.jpg-nggid03242-ngg0dyn-900x600x100-00f0w010c010r110f110r010t010.jpg 2x\"\/><\/picture>\t\t\t\t<noscript><img decoding=\"async\" src=\"https:\/\/lauragruiz.es\/wp-content\/gallery\/ira\/cache\/kristel_magan_lauragruiz_22.jpg-nggid03242-ngg0dyn-450x300x100-00f0w010c010r110f110r010t010.jpg\"\n\t\t\t\t\t\ttitle=\"kristel_magan_lauragruiz_22\"\n\t\t\t\t\t\talt=\"kristel_magan_lauragruiz_22\"\n\t\t\t\t\t\twidth=\"450\"\n\t\t\t\t\t\theight=\"300\"\n\t\t\t\t\t\tstyle=\"max-width:100%; height: auto;\"\/><\/noscript><\/a><\/div><div id=\"ngg-image-2\" class=\"image-wrapper\"><a href=\"https:\/\/lauragruiz.es\/wp-content\/gallery\/ira\/kristel_magan_lauragruiz_23.jpg\"\n\t\t\t\ttitle=\"\"\n\t\t\t\tdata-src=\"https:\/\/lauragruiz.es\/wp-content\/gallery\/ira\/kristel_magan_lauragruiz_23.jpg\"\n\t\t\t\tdata-thumbnail=\"https:\/\/lauragruiz.es\/wp-content\/gallery\/ira\/thumbs\/thumbs_kristel_magan_lauragruiz_23.jpg\"\n\t\t\t\tdata-image-id=\"245\"\n\t\t\t\tdata-title=\"kristel_magan_lauragruiz_23\"\n\t\t\t\tdata-description=\"\"\n\t\t\t\tclass=\"ngg-fancybox\" rel=\"58e9281ad0f5837efd254fd8a9f952c0\" data-ngg-protect=\"1\"><picture><source srcset='https:\/\/lauragruiz.es\/wp-content\/gallery\/ira\/cache\/kristel_magan_lauragruiz_23.jpg-nggid03245-ngg0dyn-450x300x100-00f0w010c010r110f110r010t010.jpg, https:\/\/lauragruiz.es\/wp-content\/gallery\/ira\/cache\/kristel_magan_lauragruiz_23.jpg-nggid03245-ngg0dyn-900x600x100-00f0w010c010r110f110r010t010.jpg 2x'><img decoding=\"async\" title=\"kristel_magan_lauragruiz_23\" alt=\"kristel_magan_lauragruiz_23\" width=\"450\" height=\"300\" style=\"max-width:450px;max-height:300px\" src=\"https:\/\/lauragruiz.es\/wp-content\/gallery\/ira\/cache\/kristel_magan_lauragruiz_23.jpg-nggid03245-ngg0dyn-450x300x100-00f0w010c010r110f110r010t010.jpg\" srcset=\"https:\/\/lauragruiz.es\/wp-content\/gallery\/ira\/cache\/kristel_magan_lauragruiz_23.jpg-nggid03245-ngg0dyn-450x300x100-00f0w010c010r110f110r010t010.jpg, https:\/\/lauragruiz.es\/wp-content\/gallery\/ira\/cache\/kristel_magan_lauragruiz_23.jpg-nggid03245-ngg0dyn-900x600x100-00f0w010c010r110f110r010t010.jpg 2x\"\/><\/picture>\t\t\t\t<noscript><img decoding=\"async\" src=\"https:\/\/lauragruiz.es\/wp-content\/gallery\/ira\/cache\/kristel_magan_lauragruiz_23.jpg-nggid03245-ngg0dyn-450x300x100-00f0w010c010r110f110r010t010.jpg\"\n\t\t\t\t\t\ttitle=\"kristel_magan_lauragruiz_23\"\n\t\t\t\t\t\talt=\"kristel_magan_lauragruiz_23\"\n\t\t\t\t\t\twidth=\"450\"\n\t\t\t\t\t\theight=\"300\"\n\t\t\t\t\t\tstyle=\"max-width:100%; height: auto;\"\/><\/noscript><\/a><\/div><div id=\"ngg-image-3\" class=\"image-wrapper\"><a href=\"https:\/\/lauragruiz.es\/wp-content\/gallery\/ira\/kristel_magan_lauragruiz_03.jpg\"\n\t\t\t\ttitle=\"\"\n\t\t\t\tdata-src=\"https:\/\/lauragruiz.es\/wp-content\/gallery\/ira\/kristel_magan_lauragruiz_03.jpg\"\n\t\t\t\tdata-thumbnail=\"https:\/\/lauragruiz.es\/wp-content\/gallery\/ira\/thumbs\/thumbs_kristel_magan_lauragruiz_03.jpg\"\n\t\t\t\tdata-image-id=\"244\"\n\t\t\t\tdata-title=\"kristel_magan_lauragruiz_03\"\n\t\t\t\tdata-description=\"\"\n\t\t\t\tclass=\"ngg-fancybox\" rel=\"58e9281ad0f5837efd254fd8a9f952c0\" data-ngg-protect=\"1\"><picture><source srcset='https:\/\/lauragruiz.es\/wp-content\/gallery\/ira\/cache\/kristel_magan_lauragruiz_03.jpg-nggid03244-ngg0dyn-450x300x100-00f0w010c010r110f110r010t010.jpg, https:\/\/lauragruiz.es\/wp-content\/gallery\/ira\/cache\/kristel_magan_lauragruiz_03.jpg-nggid03244-ngg0dyn-900x600x100-00f0w010c010r110f110r010t010.jpg 2x'><img loading=\"lazy\" decoding=\"async\" title=\"kristel_magan_lauragruiz_03\" alt=\"kristel_magan_lauragruiz_03\" width=\"200\" height=\"300\" style=\"max-width:200px;max-height:300px\" src=\"https:\/\/lauragruiz.es\/wp-content\/gallery\/ira\/cache\/kristel_magan_lauragruiz_03.jpg-nggid03244-ngg0dyn-450x300x100-00f0w010c010r110f110r010t010.jpg\" srcset=\"https:\/\/lauragruiz.es\/wp-content\/gallery\/ira\/cache\/kristel_magan_lauragruiz_03.jpg-nggid03244-ngg0dyn-450x300x100-00f0w010c010r110f110r010t010.jpg, https:\/\/lauragruiz.es\/wp-content\/gallery\/ira\/cache\/kristel_magan_lauragruiz_03.jpg-nggid03244-ngg0dyn-900x600x100-00f0w010c010r110f110r010t010.jpg 2x\"\/><\/picture>\t\t\t\t<noscript><img decoding=\"async\" src=\"https:\/\/lauragruiz.es\/wp-content\/gallery\/ira\/cache\/kristel_magan_lauragruiz_03.jpg-nggid03244-ngg0dyn-450x300x100-00f0w010c010r110f110r010t010.jpg\"\n\t\t\t\t\t\ttitle=\"kristel_magan_lauragruiz_03\"\n\t\t\t\t\t\talt=\"kristel_magan_lauragruiz_03\"\n\t\t\t\t\t\twidth=\"200\"\n\t\t\t\t\t\theight=\"300\"\n\t\t\t\t\t\tstyle=\"max-width:100%; height: auto;\"\/><\/noscript><\/a><\/div><div id=\"ngg-image-4\" class=\"image-wrapper\"><a href=\"https:\/\/lauragruiz.es\/wp-content\/gallery\/ira\/kristel_magan_lauragruiz_25.jpg\"\n\t\t\t\ttitle=\"\"\n\t\t\t\tdata-src=\"https:\/\/lauragruiz.es\/wp-content\/gallery\/ira\/kristel_magan_lauragruiz_25.jpg\"\n\t\t\t\tdata-thumbnail=\"https:\/\/lauragruiz.es\/wp-content\/gallery\/ira\/thumbs\/thumbs_kristel_magan_lauragruiz_25.jpg\"\n\t\t\t\tdata-image-id=\"241\"\n\t\t\t\tdata-title=\"kristel_magan_lauragruiz_25\"\n\t\t\t\tdata-description=\"\"\n\t\t\t\tclass=\"ngg-fancybox\" rel=\"58e9281ad0f5837efd254fd8a9f952c0\" data-ngg-protect=\"1\"><picture><source srcset='https:\/\/lauragruiz.es\/wp-content\/gallery\/ira\/cache\/kristel_magan_lauragruiz_25.jpg-nggid03241-ngg0dyn-450x300x100-00f0w010c010r110f110r010t010.jpg, https:\/\/lauragruiz.es\/wp-content\/gallery\/ira\/cache\/kristel_magan_lauragruiz_25.jpg-nggid03241-ngg0dyn-900x600x100-00f0w010c010r110f110r010t010.jpg 2x'><img loading=\"lazy\" decoding=\"async\" title=\"kristel_magan_lauragruiz_25\" alt=\"kristel_magan_lauragruiz_25\" width=\"450\" height=\"300\" style=\"max-width:450px;max-height:300px\" src=\"https:\/\/lauragruiz.es\/wp-content\/gallery\/ira\/cache\/kristel_magan_lauragruiz_25.jpg-nggid03241-ngg0dyn-450x300x100-00f0w010c010r110f110r010t010.jpg\" srcset=\"https:\/\/lauragruiz.es\/wp-content\/gallery\/ira\/cache\/kristel_magan_lauragruiz_25.jpg-nggid03241-ngg0dyn-450x300x100-00f0w010c010r110f110r010t010.jpg, https:\/\/lauragruiz.es\/wp-content\/gallery\/ira\/cache\/kristel_magan_lauragruiz_25.jpg-nggid03241-ngg0dyn-900x600x100-00f0w010c010r110f110r010t010.jpg 2x\"\/><\/picture>\t\t\t\t<noscript><img decoding=\"async\" src=\"https:\/\/lauragruiz.es\/wp-content\/gallery\/ira\/cache\/kristel_magan_lauragruiz_25.jpg-nggid03241-ngg0dyn-450x300x100-00f0w010c010r110f110r010t010.jpg\"\n\t\t\t\t\t\ttitle=\"kristel_magan_lauragruiz_25\"\n\t\t\t\t\t\talt=\"kristel_magan_lauragruiz_25\"\n\t\t\t\t\t\twidth=\"450\"\n\t\t\t\t\t\theight=\"300\"\n\t\t\t\t\t\tstyle=\"max-width:100%; height: auto;\"\/><\/noscript><\/a><\/div><div class='ngg-clear'><\/div><\/div>\n<\/p>\n\t\t\t\t\t\t\t\t<\/div>\n\t\t\t\t<\/div>\n\t\t\t\t\t<\/div>\n\t\t<\/div>\n\t\t\t\t\t<\/div>\n\t\t<\/section>\n\t\t\t\t<section class=\"elementor-section elementor-top-section elementor-element elementor-element-356d820 elementor-section-boxed elementor-section-height-default elementor-section-height-default\" data-id=\"356d820\" data-element_type=\"section\" data-e-type=\"section\">\n\t\t\t\t\t\t<div class=\"elementor-container elementor-column-gap-default\">\n\t\t\t\t\t<div class=\"elementor-column elementor-col-100 elementor-top-column elementor-element elementor-element-9dd276b\" data-id=\"9dd276b\" data-element_type=\"column\" data-e-type=\"column\">\n\t\t\t<div class=\"elementor-widget-wrap elementor-element-populated\">\n\t\t\t\t\t\t<div class=\"elementor-element elementor-element-85445c9 elementor-widget elementor-widget-text-editor\" data-id=\"85445c9\" data-element_type=\"widget\" data-e-type=\"widget\" data-widget_type=\"text-editor.default\">\n\t\t\t\t<div class=\"elementor-widget-container\">\n\t\t\t\t\t\t\t\t\t<p><i>Fotograf\u00eda y edici\u00f3n por Laura Gin\u00e9s Ruiz \u00b7 Modelo: Kristel Magan<\/i><\/p>\n<p>\u00a0<\/p>\t\t\t\t\t\t\t\t<\/div>\n\t\t\t\t<\/div>\n\t\t\t\t\t<\/div>\n\t\t<\/div>\n\t\t\t\t\t<\/div>\n\t\t<\/section>\n\t\t\t\t<section class=\"elementor-section elementor-top-section elementor-element elementor-element-cda9c47 elementor-section-boxed elementor-section-height-default elementor-section-height-default\" data-id=\"cda9c47\" data-element_type=\"section\" data-e-type=\"section\">\n\t\t\t\t\t\t<div class=\"elementor-container elementor-column-gap-default\">\n\t\t\t\t\t<div class=\"elementor-column elementor-col-100 elementor-top-column elementor-element elementor-element-3e68630e\" data-id=\"3e68630e\" data-element_type=\"column\" data-e-type=\"column\">\n\t\t\t<div class=\"elementor-widget-wrap elementor-element-populated\">\n\t\t\t\t\t\t<div class=\"elementor-element elementor-element-56a4f1d0 elementor-button-info elementor-align-center elementor-widget elementor-widget-button\" data-id=\"56a4f1d0\" data-element_type=\"widget\" data-e-type=\"widget\" data-widget_type=\"button.default\">\n\t\t\t\t<div class=\"elementor-widget-container\">\n\t\t\t\t\t\t\t\t\t<div class=\"elementor-button-wrapper\">\n\t\t\t\t\t<a class=\"elementor-button elementor-button-link elementor-size-sm\" href=\"http:\/\/lauragruiz.es\/index.php\/fotografia-como-expresion\/\">\n\t\t\t\t\t\t<span class=\"elementor-button-content-wrapper\">\n\t\t\t\t\t\t\t\t\t<span class=\"elementor-button-text\">volver a la galeria<\/span>\n\t\t\t\t\t<\/span>\n\t\t\t\t\t<\/a>\n\t\t\t\t<\/div>\n\t\t\t\t\t\t\t\t<\/div>\n\t\t\t\t<\/div>\n\t\t\t\t\t<\/div>\n\t\t<\/div>\n\t\t\t\t\t<\/div>\n\t\t<\/section>\n\t\t\t\t<\/div>\n\t\t","protected":false},"excerpt":{"rendered":"<p>Fotograf\u00eda y edici\u00f3n por Laura Gin\u00e9s Ruiz \u00b7 Modelo: Kristel Magan \u00a0 volver a la galeria<\/p>\n","protected":false},"author":1,"featured_media":0,"parent":0,"menu_order":26,"comment_status":"closed","ping_status":"closed","template":"","meta":{"_monsterinsights_skip_tracking":false,"_monsterinsights_sitenote_active":false,"_monsterinsights_sitenote_note":"","_monsterinsights_sitenote_category":0,"ngg_post_thumbnail":0,"footnotes":""},"class_list":["post-2695","page","type-page","status-publish"],"yoast_head":"<!-- This site is optimized with the Yoast SEO plugin v25.1 - https:\/\/yoast.com\/wordpress\/plugins\/seo\/ -->\n<title>ira \u00b7 serie fotogr\u00e1fica | lauragruiz.es<\/title>\n<meta name=\"robots\" content=\"index, follow, max-snippet:-1, max-image-preview:large, max-video-preview:-1\" \/>\n<link rel=\"canonical\" href=\"https:\/\/lauragruiz.es\/index.php\/ira-serie-fotografica\/\" \/>\n<meta property=\"og:locale\" content=\"es_ES\" \/>\n<meta property=\"og:type\" content=\"article\" \/>\n<meta property=\"og:title\" content=\"ira \u00b7 serie fotogr\u00e1fica | lauragruiz.es\" \/>\n<meta property=\"og:description\" content=\"Fotograf\u00eda y edici\u00f3n por Laura Gin\u00e9s Ruiz \u00b7 Modelo: Kristel Magan \u00a0 volver a la galeria\" \/>\n<meta property=\"og:url\" content=\"https:\/\/lauragruiz.es\/index.php\/ira-serie-fotografica\/\" \/>\n<meta property=\"og:site_name\" content=\"lauragruiz.es\" \/>\n<meta property=\"article:modified_time\" content=\"2022-09-28T13:35:18+00:00\" \/>\n<meta name=\"twitter:label1\" content=\"Tiempo de lectura\" \/>\n\t<meta name=\"twitter:data1\" content=\"1 minuto\" \/>\n<script type=\"application\/ld+json\" class=\"yoast-schema-graph\">{\"@context\":\"https:\/\/schema.org\",\"@graph\":[{\"@type\":\"WebPage\",\"@id\":\"https:\/\/lauragruiz.es\/index.php\/ira-serie-fotografica\/\",\"url\":\"https:\/\/lauragruiz.es\/index.php\/ira-serie-fotografica\/\",\"name\":\"ira \u00b7 serie fotogr\u00e1fica | lauragruiz.es\",\"isPartOf\":{\"@id\":\"https:\/\/lauragruiz.es\/#website\"},\"datePublished\":\"2022-09-28T10:51:53+00:00\",\"dateModified\":\"2022-09-28T13:35:18+00:00\",\"breadcrumb\":{\"@id\":\"https:\/\/lauragruiz.es\/index.php\/ira-serie-fotografica\/#breadcrumb\"},\"inLanguage\":\"es\",\"potentialAction\":[{\"@type\":\"ReadAction\",\"target\":[\"https:\/\/lauragruiz.es\/index.php\/ira-serie-fotografica\/\"]}]},{\"@type\":\"BreadcrumbList\",\"@id\":\"https:\/\/lauragruiz.es\/index.php\/ira-serie-fotografica\/#breadcrumb\",\"itemListElement\":[{\"@type\":\"ListItem\",\"position\":1,\"name\":\"Portada\",\"item\":\"https:\/\/lauragruiz.es\/\"},{\"@type\":\"ListItem\",\"position\":2,\"name\":\"ira \u00b7 serie fotogr\u00e1fica\"}]},{\"@type\":\"WebSite\",\"@id\":\"https:\/\/lauragruiz.es\/#website\",\"url\":\"https:\/\/lauragruiz.es\/\",\"name\":\"lauragruiz.es\",\"description\":\"fotograf\u00eda y conciencia\",\"publisher\":{\"@id\":\"https:\/\/lauragruiz.es\/#\/schema\/person\/257dafbb316ba92e28b5057466d09536\"},\"potentialAction\":[{\"@type\":\"SearchAction\",\"target\":{\"@type\":\"EntryPoint\",\"urlTemplate\":\"https:\/\/lauragruiz.es\/?s={search_term_string}\"},\"query-input\":{\"@type\":\"PropertyValueSpecification\",\"valueRequired\":true,\"valueName\":\"search_term_string\"}}],\"inLanguage\":\"es\"},{\"@type\":[\"Person\",\"Organization\"],\"@id\":\"https:\/\/lauragruiz.es\/#\/schema\/person\/257dafbb316ba92e28b5057466d09536\",\"name\":\"lauragruiz\",\"image\":{\"@type\":\"ImageObject\",\"inLanguage\":\"es\",\"@id\":\"https:\/\/lauragruiz.es\/#\/schema\/person\/image\/\",\"url\":\"https:\/\/lauragruiz.es\/wp-content\/uploads\/2021\/03\/cropped-LAURAGINES-e1666111867453.png\",\"contentUrl\":\"https:\/\/lauragruiz.es\/wp-content\/uploads\/2021\/03\/cropped-LAURAGINES-e1666111867453.png\",\"width\":500,\"height\":66,\"caption\":\"lauragruiz\"},\"logo\":{\"@id\":\"https:\/\/lauragruiz.es\/#\/schema\/person\/image\/\"},\"sameAs\":[\"http:\/\/lauragruiz.es\"]}]}<\/script>\n<!-- \/ Yoast SEO plugin. -->","yoast_head_json":{"title":"ira \u00b7 serie fotogr\u00e1fica | lauragruiz.es","robots":{"index":"index","follow":"follow","max-snippet":"max-snippet:-1","max-image-preview":"max-image-preview:large","max-video-preview":"max-video-preview:-1"},"canonical":"https:\/\/lauragruiz.es\/index.php\/ira-serie-fotografica\/","og_locale":"es_ES","og_type":"article","og_title":"ira \u00b7 serie fotogr\u00e1fica | lauragruiz.es","og_description":"Fotograf\u00eda y edici\u00f3n por Laura Gin\u00e9s Ruiz \u00b7 Modelo: Kristel Magan \u00a0 volver a la galeria","og_url":"https:\/\/lauragruiz.es\/index.php\/ira-serie-fotografica\/","og_site_name":"lauragruiz.es","article_modified_time":"2022-09-28T13:35:18+00:00","twitter_misc":{"Tiempo de lectura":"1 minuto"},"schema":{"@context":"https:\/\/schema.org","@graph":[{"@type":"WebPage","@id":"https:\/\/lauragruiz.es\/index.php\/ira-serie-fotografica\/","url":"https:\/\/lauragruiz.es\/index.php\/ira-serie-fotografica\/","name":"ira \u00b7 serie fotogr\u00e1fica | lauragruiz.es","isPartOf":{"@id":"https:\/\/lauragruiz.es\/#website"},"datePublished":"2022-09-28T10:51:53+00:00","dateModified":"2022-09-28T13:35:18+00:00","breadcrumb":{"@id":"https:\/\/lauragruiz.es\/index.php\/ira-serie-fotografica\/#breadcrumb"},"inLanguage":"es","potentialAction":[{"@type":"ReadAction","target":["https:\/\/lauragruiz.es\/index.php\/ira-serie-fotografica\/"]}]},{"@type":"BreadcrumbList","@id":"https:\/\/lauragruiz.es\/index.php\/ira-serie-fotografica\/#breadcrumb","itemListElement":[{"@type":"ListItem","position":1,"name":"Portada","item":"https:\/\/lauragruiz.es\/"},{"@type":"ListItem","position":2,"name":"ira \u00b7 serie fotogr\u00e1fica"}]},{"@type":"WebSite","@id":"https:\/\/lauragruiz.es\/#website","url":"https:\/\/lauragruiz.es\/","name":"lauragruiz.es","description":"fotograf\u00eda y conciencia","publisher":{"@id":"https:\/\/lauragruiz.es\/#\/schema\/person\/257dafbb316ba92e28b5057466d09536"},"potentialAction":[{"@type":"SearchAction","target":{"@type":"EntryPoint","urlTemplate":"https:\/\/lauragruiz.es\/?s={search_term_string}"},"query-input":{"@type":"PropertyValueSpecification","valueRequired":true,"valueName":"search_term_string"}}],"inLanguage":"es"},{"@type":["Person","Organization"],"@id":"https:\/\/lauragruiz.es\/#\/schema\/person\/257dafbb316ba92e28b5057466d09536","name":"lauragruiz","image":{"@type":"ImageObject","inLanguage":"es","@id":"https:\/\/lauragruiz.es\/#\/schema\/person\/image\/","url":"https:\/\/lauragruiz.es\/wp-content\/uploads\/2021\/03\/cropped-LAURAGINES-e1666111867453.png","contentUrl":"https:\/\/lauragruiz.es\/wp-content\/uploads\/2021\/03\/cropped-LAURAGINES-e1666111867453.png","width":500,"height":66,"caption":"lauragruiz"},"logo":{"@id":"https:\/\/lauragruiz.es\/#\/schema\/person\/image\/"},"sameAs":["http:\/\/lauragruiz.es"]}]}},"_links":{"self":[{"href":"https:\/\/lauragruiz.es\/index.php\/wp-json\/wp\/v2\/pages\/2695","targetHints":{"allow":["GET"]}}],"collection":[{"href":"https:\/\/lauragruiz.es\/index.php\/wp-json\/wp\/v2\/pages"}],"about":[{"href":"https:\/\/lauragruiz.es\/index.php\/wp-json\/wp\/v2\/types\/page"}],"author":[{"embeddable":true,"href":"https:\/\/lauragruiz.es\/index.php\/wp-json\/wp\/v2\/users\/1"}],"replies":[{"embeddable":true,"href":"https:\/\/lauragruiz.es\/index.php\/wp-json\/wp\/v2\/comments?post=2695"}],"version-history":[{"count":0,"href":"https:\/\/lauragruiz.es\/index.php\/wp-json\/wp\/v2\/pages\/2695\/revisions"}],"wp:attachment":[{"href":"https:\/\/lauragruiz.es\/index.php\/wp-json\/wp\/v2\/media?parent=2695"}],"curies":[{"name":"wp","href":"https:\/\/api.w.org\/{rel}","templated":true}]}}